{"id":71,"date":"2020-01-27T08:15:05","date_gmt":"2020-01-27T08:15:05","guid":{"rendered":"https:\/\/demosites.io\/web-agency-gb\/?page_id=71"},"modified":"2023-09-23T14:23:09","modified_gmt":"2023-09-23T14:23:09","slug":"hizmetlerimiz","status":"publish","type":"page","link":"https:\/\/karakurtmuhendislik.com\/?page_id=71","title":{"rendered":"Hizmetlerimiz"},"content":{"rendered":"\n<div class=\"wp-block-cover alignfull\" style=\"min-height:320px;aspect-ratio:unset;\"><span aria-hidden=\"true\" class=\"wp-block-cover__background has-nv-site-bg-background-color has-background-dim-100 has-background-dim\"><\/span><div class=\"wp-block-cover__inner-container is-layout-flow wp-block-cover-is-layout-flow\">\n<div class=\"wp-block-group\"><div class=\"wp-block-group__inner-container is-layout-flow wp-block-group-is-layout-flow\">\n<div class=\"wp-block-columns are-vertically-aligned-center is-layout-flex wp-container-core-columns-is-layout-9d6595d7 wp-block-columns-is-layout-flex\">\n<div class=\"wp-block-column is-vertically-aligned-center is-layout-flow wp-block-column-is-layout-flow\" style=\"flex-basis:70%\">\n<h1 class=\"wp-block-heading has-text-align-left has-neve-text-color-color has-text-color\">Hizmetlerimiz<\/h1>\n\n\n\n<p class=\"has-neve-text-color-color has-text-color\" style=\"font-size:22px\">Karakurt M\u00fchendislik Hizmetlerimiz ile Bug\u00fcn \u0130\u015finizi \u0130leriye Ta\u015f\u0131y\u0131n<\/p>\n<\/div>\n\n\n\n<div class=\"wp-block-column is-vertically-aligned-center is-layout-flow wp-block-column-is-layout-flow\" style=\"flex-basis:30%\"><\/div>\n<\/div>\n<\/div><\/div>\n<\/div><\/div>\n\n\n\n<div class=\"wp-block-cover alignfull\" style=\"min-height:862px;aspect-ratio:unset;\"><span aria-hidden=\"true\" class=\"wp-block-cover__background has-nv-light-bg-background-color has-background-dim-100 has-background-dim\"><\/span><div class=\"wp-block-cover__inner-container is-layout-flow wp-block-cover-is-layout-flow\">\n<p class=\"has-text-align-center has-large-font-size\"><\/p>\n\n\n\n<div class=\"wp-block-cover alignfull\" style=\"min-height:600px;aspect-ratio:unset;\"><span aria-hidden=\"true\" class=\"wp-block-cover__background has-nv-light-bg-background-color has-background-dim-100 has-background-dim\"><\/span><div class=\"wp-block-cover__inner-container is-layout-flow wp-block-cover-is-layout-flow\">\n<div class=\"wp-block-group\"><div class=\"wp-block-group__inner-container is-layout-flow wp-block-group-is-layout-flow\">\n<div style=\"height:80px\" aria-hidden=\"true\" class=\"wp-block-spacer\"><\/div>\n\n\n\n<div class=\"wp-block-columns are-vertically-aligned-center is-layout-flex wp-container-core-columns-is-layout-9d6595d7 wp-block-columns-is-layout-flex\">\n<div class=\"wp-block-column is-vertically-aligned-center is-layout-flow wp-block-column-is-layout-flow\" style=\"flex-basis:50%\">\n<figure class=\"wp-block-image size-large\"><img decoding=\"async\" width=\"1024\" height=\"682\" src=\"https:\/\/mlkqlm4zzthi.i.optimole.com\/w:1024\/h:682\/q:mauto\/f:avif\/https:\/\/karakurtmuhendislik.com\/wp-content\/uploads\/2023\/09\/teknikservis.jpg\" alt=\"\" class=\"wp-image-391\"\/><\/figure>\n<\/div>\n\n\n\n<div class=\"wp-block-column is-vertically-aligned-center is-layout-flow wp-block-column-is-layout-flow\" style=\"flex-basis:50%\">\n<div style=\"height:20px\" aria-hidden=\"true\" class=\"wp-block-spacer\"><\/div>\n\n\n\n<h2 class=\"wp-block-heading has-text-align-left has-neve-text-color-color has-text-color\">Teknik Servis<\/h2>\n\n\n\n<p class=\"has-text-align-left has-neve-text-color-color has-text-color\" style=\"font-size:17px\">Uzman teknisyenlerimiz ile sorunlar\u0131n\u0131za an\u0131nda \u00e7\u00f6z\u00fcm sunarak i\u015flerinize profesyonel teknik servis hizmeti veriyoruz.<\/p>\n\n\n\n<div class=\"wp-block-buttons is-horizontal is-content-justification-left is-layout-flex wp-container-core-buttons-is-layout-7e5fce0a wp-block-buttons-is-layout-flex\">\n<div class=\"wp-block-button is-style-primary\"><a class=\"wp-block-button__link wp-element-button\" href=\"https:\/\/karakurtmuhendislik.com\/?page_id=436\">DETAY<\/a><\/div>\n<\/div>\n<\/div>\n<\/div>\n\n\n\n<div style=\"height:40px\" aria-hidden=\"true\" class=\"wp-block-spacer\"><\/div>\n<\/div><\/div>\n\n\n\n<div class=\"wp-block-cover alignfull\" style=\"min-height:600px;aspect-ratio:unset;\"><span aria-hidden=\"true\" class=\"wp-block-cover__background has-nv-site-bg-background-color has-background-dim-100 has-background-dim\"><\/span><div class=\"wp-block-cover__inner-container is-layout-flow wp-block-cover-is-layout-flow\">\n<div class=\"wp-block-group\"><div class=\"wp-block-group__inner-container is-layout-flow wp-block-group-is-layout-flow\">\n<div style=\"height:80px\" aria-hidden=\"true\" class=\"wp-block-spacer\"><\/div>\n\n\n\n<div class=\"wp-block-columns are-vertically-aligned-center is-layout-flex wp-container-core-columns-is-layout-9d6595d7 wp-block-columns-is-layout-flex\">\n<div class=\"wp-block-column is-vertically-aligned-center is-layout-flow wp-block-column-is-layout-flow\" style=\"flex-basis:50%\">\n<h2 class=\"wp-block-heading has-text-align-left has-neve-text-color-color has-text-color\">Otomasyon<\/h2>\n\n\n\n<p class=\"has-text-align-left has-neve-text-color-color has-text-color\" style=\"font-size:17px\">En son teknoloji ile donat\u0131lm\u0131\u015f panolar\u0131m\u0131z, s\u00fcre\u00e7lerinizi en etkili \u015fekilde y\u00f6netmenizi sa\u011flar.<\/p>\n\n\n\n<div class=\"wp-block-buttons is-horizontal is-content-justification-left is-layout-flex wp-container-core-buttons-is-layout-7e5fce0a wp-block-buttons-is-layout-flex\">\n<div class=\"wp-block-button is-style-primary\"><a class=\"wp-block-button__link wp-element-button\" href=\"https:\/\/karakurtmuhendislik.com\/?page_id=427\">DETAY<\/a><\/div>\n<\/div>\n\n\n\n<div style=\"height:40px\" aria-hidden=\"true\" class=\"wp-block-spacer\"><\/div>\n<\/div>\n\n\n\n<div class=\"wp-block-column is-vertically-aligned-center is-layout-flow wp-block-column-is-layout-flow\" style=\"flex-basis:50%\">\n<figure class=\"wp-block-image size-full\"><img decoding=\"async\" width=\"1024\" height=\"1024\" src=\"https:\/\/mlkqlm4zzthi.i.optimole.com\/w:auto\/h:auto\/q:mauto\/f:avif\/https:\/\/karakurtmuhendislik.com\/wp-content\/uploads\/2023\/09\/otomasyon.jpg\" alt=\"\" class=\"wp-image-393\"\/><\/figure>\n<\/div>\n<\/div>\n\n\n\n<div style=\"height:40px\" aria-hidden=\"true\" class=\"wp-block-spacer\"><\/div>\n<\/div><\/div>\n<\/div><\/div>\n\n\n\n<div class=\"wp-block-cover alignfull\" style=\"min-height:600px;aspect-ratio:unset;\"><span aria-hidden=\"true\" class=\"wp-block-cover__background has-nv-dark-bg-background-color has-background-dim-100 has-background-dim\"><\/span><div class=\"wp-block-cover__inner-container is-layout-flow wp-block-cover-is-layout-flow\">\n<div class=\"wp-block-group\"><div class=\"wp-block-group__inner-container is-layout-flow wp-block-group-is-layout-flow\">\n<div style=\"height:80px\" aria-hidden=\"true\" class=\"wp-block-spacer\"><\/div>\n\n\n\n<div class=\"wp-block-columns are-vertically-aligned-center is-layout-flex wp-container-core-columns-is-layout-9d6595d7 wp-block-columns-is-layout-flex\">\n<div class=\"wp-block-column is-vertically-aligned-center is-layout-flow wp-block-column-is-layout-flow\" style=\"flex-basis:50%\">\n<figure class=\"wp-block-image size-large\"><img decoding=\"async\" width=\"1024\" height=\"683\" src=\"https:\/\/mlkqlm4zzthi.i.optimole.com\/w:1024\/h:683\/q:mauto\/f:avif\/https:\/\/karakurtmuhendislik.com\/wp-content\/uploads\/2023\/09\/panoimalattasarim.webp\" alt=\"\" class=\"wp-image-394\"\/><\/figure>\n<\/div>\n\n\n\n<div class=\"wp-block-column is-vertically-aligned-center is-layout-flow wp-block-column-is-layout-flow\" style=\"flex-basis:50%\">\n<div style=\"height:40px\" aria-hidden=\"true\" class=\"wp-block-spacer\"><\/div>\n\n\n\n<h2 class=\"wp-block-heading has-text-align-left has-nv-text-dark-bg-color has-text-color\">Pano Tasar\u0131m ve \u0130malat<\/h2>\n\n\n\n<p class=\"has-text-align-left has-nv-text-dark-bg-color has-text-color\" style=\"font-size:17px\">Panolar\u0131m\u0131z istedi\u011finiz markadan veya kendi markalar\u0131m\u0131zdan kaliteli panolardan tercih edilmektedir. Prosese g\u00f6re pano projelendirmesi ve imalat\u0131 yap\u0131larak yerinde devreye alma hizmeti verilmektedir.<\/p>\n\n\n\n<div class=\"wp-block-buttons is-horizontal is-content-justification-left is-layout-flex wp-container-core-buttons-is-layout-7e5fce0a wp-block-buttons-is-layout-flex\">\n<div class=\"wp-block-button is-style-primary\"><a class=\"wp-block-button__link wp-element-button\" href=\"https:\/\/karakurtmuhendislik.com\/?page_id=428\">DETAY<\/a><\/div>\n<\/div>\n<\/div>\n<\/div>\n\n\n\n<div style=\"height:50px\" aria-hidden=\"true\" class=\"wp-block-spacer\"><\/div>\n<\/div><\/div>\n<\/div><\/div>\n<\/div><\/div>\n<\/div><\/div>\n\n\n\n<div class=\"wp-block-cover alignfull\" style=\"min-height:300px;aspect-ratio:unset;\"><span aria-hidden=\"true\" class=\"wp-block-cover__background has-nv-dark-bg-background-color has-background-dim-100 has-background-dim\"><\/span><div class=\"wp-block-cover__inner-container is-layout-flow wp-block-cover-is-layout-flow\">\n<div style=\"height:140px\" aria-hidden=\"true\" class=\"wp-block-spacer\"><\/div>\n\n\n\n<h2 class=\"wp-block-heading has-text-align-center has-nv-text-dark-bg-color has-text-color\">Hizmetlerimiz Hakk\u0131nda <\/h2>\n\n\n\n<h2 class=\"wp-block-heading has-text-align-center has-nv-text-dark-bg-color has-text-color\">Daha Fazla Bilgi Almak \u0130stermisiniz ?<\/h2>\n\n\n\n<div class=\"wp-block-buttons is-horizontal is-content-justification-center is-layout-flex wp-container-core-buttons-is-layout-499968f5 wp-block-buttons-is-layout-flex\">\n<div class=\"wp-block-button is-style-primary\"><a class=\"wp-block-button__link wp-element-button\" href=\"https:\/\/karakurtmuhendislik.com\/iletisim\">\u0130LET\u0130\u015e\u0130M<\/a><\/div>\n<\/div>\n\n\n\n<div style=\"height:140px\" aria-hidden=\"true\" class=\"wp-block-spacer\"><\/div>\n<\/div><\/div>\n","protected":false},"excerpt":{"rendered":"","protected":false},"author":1,"featured_media":0,"parent":0,"menu_order":0,"comment_status":"closed","ping_status":"closed","template":"","meta":{"neve_meta_sidebar":"default","neve_meta_container":"","neve_meta_enable_content_width":"on","neve_meta_content_width":100,"neve_meta_title_alignment":"","neve_meta_author_avatar":"","neve_post_elements_order":"","neve_meta_disable_header":"","neve_meta_disable_footer":"","neve_meta_disable_title":"on","_themeisle_gutenberg_block_has_review":false,"_ti_tpc_template_sync":false,"_ti_tpc_template_id":"bhii09ux20eago4lvw13","footnotes":""},"class_list":["post-71","page","type-page","status-publish","hentry"],"yoast_head":"<!-- This site is optimized with the Yoast SEO plugin v20.1 - https:\/\/yoast.com\/wordpress\/plugins\/seo\/ -->\n<title>Hizmetlerimiz - Karakurt M\u00fchendislik | Makina ve Otomasyon<\/title>\n<meta name=\"robots\" content=\"index, follow, max-snippet:-1, max-image-preview:large, max-video-preview:-1\" \/>\n<link rel=\"canonical\" href=\"https:\/\/karakurtmuhendislik.com\/?page_id=71\" \/>\n<meta property=\"og:locale\" content=\"tr_TR\" \/>\n<meta property=\"og:type\" content=\"article\" \/>\n<meta property=\"og:title\" content=\"Hizmetlerimiz - Karakurt M\u00fchendislik | Makina ve Otomasyon\" \/>\n<meta property=\"og:url\" content=\"https:\/\/karakurtmuhendislik.com\/?page_id=71\" \/>\n<meta property=\"og:site_name\" content=\"Karakurt M\u00fchendislik | Makina ve Otomasyon\" \/>\n<meta property=\"article:modified_time\" content=\"2023-09-23T14:23:09+00:00\" \/>\n<meta property=\"og:image\" content=\"https:\/\/mlkqlm4zzthi.i.optimole.com\/w:1024\/h:682\/q:mauto\/f:avif\/https:\/\/karakurtmuhendislik.com\/wp-content\/uploads\/2023\/09\/teknikservis.jpg\" \/>\n<meta name=\"twitter:card\" content=\"summary_large_image\" \/>\n<meta name=\"twitter:label1\" content=\"Tahmini okuma s\u00fcresi\" \/>\n\t<meta name=\"twitter:data1\" content=\"2 dakika\" \/>\n<script type=\"application\/ld+json\" class=\"yoast-schema-graph\">{\"@context\":\"https:\/\/schema.org\",\"@graph\":[{\"@type\":\"WebPage\",\"@id\":\"https:\/\/karakurtmuhendislik.com\/?page_id=71\",\"url\":\"https:\/\/karakurtmuhendislik.com\/?page_id=71\",\"name\":\"Hizmetlerimiz - Karakurt M\u00fchendislik | Makina ve Otomasyon\",\"isPartOf\":{\"@id\":\"https:\/\/karakurtmuhendislik.com\/#website\"},\"datePublished\":\"2020-01-27T08:15:05+00:00\",\"dateModified\":\"2023-09-23T14:23:09+00:00\",\"breadcrumb\":{\"@id\":\"https:\/\/karakurtmuhendislik.com\/?page_id=71#breadcrumb\"},\"inLanguage\":\"tr\",\"potentialAction\":[{\"@type\":\"ReadAction\",\"target\":[\"https:\/\/karakurtmuhendislik.com\/?page_id=71\"]}]},{\"@type\":\"BreadcrumbList\",\"@id\":\"https:\/\/karakurtmuhendislik.com\/?page_id=71#breadcrumb\",\"itemListElement\":[{\"@type\":\"ListItem\",\"position\":1,\"name\":\"Anasayfa\",\"item\":\"https:\/\/karakurtmuhendislik.com\/\"},{\"@type\":\"ListItem\",\"position\":2,\"name\":\"Hizmetlerimiz\"}]},{\"@type\":\"WebSite\",\"@id\":\"https:\/\/karakurtmuhendislik.com\/#website\",\"url\":\"https:\/\/karakurtmuhendislik.com\/\",\"name\":\"Karakurt M\u00fchendislik | Makina ve Otomasyon\",\"description\":\"\",\"publisher\":{\"@id\":\"https:\/\/karakurtmuhendislik.com\/#organization\"},\"potentialAction\":[{\"@type\":\"SearchAction\",\"target\":{\"@type\":\"EntryPoint\",\"urlTemplate\":\"https:\/\/karakurtmuhendislik.com\/?s={search_term_string}\"},\"query-input\":\"required name=search_term_string\"}],\"inLanguage\":\"tr\"},{\"@type\":\"Organization\",\"@id\":\"https:\/\/karakurtmuhendislik.com\/#organization\",\"name\":\"Karakurt M\u00fchendislik | Makina ve Otomasyon\",\"url\":\"https:\/\/karakurtmuhendislik.com\/\",\"logo\":{\"@type\":\"ImageObject\",\"inLanguage\":\"tr\",\"@id\":\"https:\/\/karakurtmuhendislik.com\/#\/schema\/logo\/image\/\",\"url\":\"https:\/\/mlkqlm4zzthi.i.optimole.com\/w:auto\/h:auto\/q:mauto\/f:avif\/https:\/\/karakurtmuhendislik.com\/wp-content\/uploads\/2020\/12\/web-agency-logo-3.png\",\"contentUrl\":\"https:\/\/mlkqlm4zzthi.i.optimole.com\/w:auto\/h:auto\/q:mauto\/f:avif\/https:\/\/karakurtmuhendislik.com\/wp-content\/uploads\/2020\/12\/web-agency-logo-3.png\",\"width\":200,\"height\":200,\"caption\":\"Karakurt M\u00fchendislik | Makina ve Otomasyon\"},\"image\":{\"@id\":\"https:\/\/karakurtmuhendislik.com\/#\/schema\/logo\/image\/\"}}]}<\/script>\n<!-- \/ Yoast SEO plugin. -->","yoast_head_json":{"title":"Hizmetlerimiz - Karakurt M\u00fchendislik | Makina ve Otomasyon","robots":{"index":"index","follow":"follow","max-snippet":"max-snippet:-1","max-image-preview":"max-image-preview:large","max-video-preview":"max-video-preview:-1"},"canonical":"https:\/\/karakurtmuhendislik.com\/?page_id=71","og_locale":"tr_TR","og_type":"article","og_title":"Hizmetlerimiz - Karakurt M\u00fchendislik | Makina ve Otomasyon","og_url":"https:\/\/karakurtmuhendislik.com\/?page_id=71","og_site_name":"Karakurt M\u00fchendislik | Makina ve Otomasyon","article_modified_time":"2023-09-23T14:23:09+00:00","og_image":[{"url":"https:\/\/mlkqlm4zzthi.i.optimole.com\/w:1024\/h:682\/q:mauto\/f:avif\/https:\/\/karakurtmuhendislik.com\/wp-content\/uploads\/2023\/09\/teknikservis.jpg"}],"twitter_card":"summary_large_image","twitter_misc":{"Tahmini okuma s\u00fcresi":"2 dakika"},"schema":{"@context":"https:\/\/schema.org","@graph":[{"@type":"WebPage","@id":"https:\/\/karakurtmuhendislik.com\/?page_id=71","url":"https:\/\/karakurtmuhendislik.com\/?page_id=71","name":"Hizmetlerimiz - Karakurt M\u00fchendislik | Makina ve Otomasyon","isPartOf":{"@id":"https:\/\/karakurtmuhendislik.com\/#website"},"datePublished":"2020-01-27T08:15:05+00:00","dateModified":"2023-09-23T14:23:09+00:00","breadcrumb":{"@id":"https:\/\/karakurtmuhendislik.com\/?page_id=71#breadcrumb"},"inLanguage":"tr","potentialAction":[{"@type":"ReadAction","target":["https:\/\/karakurtmuhendislik.com\/?page_id=71"]}]},{"@type":"BreadcrumbList","@id":"https:\/\/karakurtmuhendislik.com\/?page_id=71#breadcrumb","itemListElement":[{"@type":"ListItem","position":1,"name":"Anasayfa","item":"https:\/\/karakurtmuhendislik.com\/"},{"@type":"ListItem","position":2,"name":"Hizmetlerimiz"}]},{"@type":"WebSite","@id":"https:\/\/karakurtmuhendislik.com\/#website","url":"https:\/\/karakurtmuhendislik.com\/","name":"Karakurt M\u00fchendislik | Makina ve Otomasyon","description":"","publisher":{"@id":"https:\/\/karakurtmuhendislik.com\/#organization"},"potentialAction":[{"@type":"SearchAction","target":{"@type":"EntryPoint","urlTemplate":"https:\/\/karakurtmuhendislik.com\/?s={search_term_string}"},"query-input":"required name=search_term_string"}],"inLanguage":"tr"},{"@type":"Organization","@id":"https:\/\/karakurtmuhendislik.com\/#organization","name":"Karakurt M\u00fchendislik | Makina ve Otomasyon","url":"https:\/\/karakurtmuhendislik.com\/","logo":{"@type":"ImageObject","inLanguage":"tr","@id":"https:\/\/karakurtmuhendislik.com\/#\/schema\/logo\/image\/","url":"https:\/\/mlkqlm4zzthi.i.optimole.com\/w:auto\/h:auto\/q:mauto\/f:avif\/https:\/\/karakurtmuhendislik.com\/wp-content\/uploads\/2020\/12\/web-agency-logo-3.png","contentUrl":"https:\/\/mlkqlm4zzthi.i.optimole.com\/w:auto\/h:auto\/q:mauto\/f:avif\/https:\/\/karakurtmuhendislik.com\/wp-content\/uploads\/2020\/12\/web-agency-logo-3.png","width":200,"height":200,"caption":"Karakurt M\u00fchendislik | Makina ve Otomasyon"},"image":{"@id":"https:\/\/karakurtmuhendislik.com\/#\/schema\/logo\/image\/"}}]}},"_links":{"self":[{"href":"https:\/\/karakurtmuhendislik.com\/index.php?rest_route=\/wp\/v2\/pages\/71","targetHints":{"allow":["GET"]}}],"collection":[{"href":"https:\/\/karakurtmuhendislik.com\/index.php?rest_route=\/wp\/v2\/pages"}],"about":[{"href":"https:\/\/karakurtmuhendislik.com\/index.php?rest_route=\/wp\/v2\/types\/page"}],"author":[{"embeddable":true,"href":"https:\/\/karakurtmuhendislik.com\/index.php?rest_route=\/wp\/v2\/users\/1"}],"replies":[{"embeddable":true,"href":"https:\/\/karakurtmuhendislik.com\/index.php?rest_route=%2Fwp%2Fv2%2Fcomments&post=71"}],"version-history":[{"count":8,"href":"https:\/\/karakurtmuhendislik.com\/index.php?rest_route=\/wp\/v2\/pages\/71\/revisions"}],"predecessor-version":[{"id":446,"href":"https:\/\/karakurtmuhendislik.com\/index.php?rest_route=\/wp\/v2\/pages\/71\/revisions\/446"}],"wp:attachment":[{"href":"https:\/\/karakurtmuhendislik.com\/index.php?rest_route=%2Fwp%2Fv2%2Fmedia&parent=71"}],"curies":[{"name":"wp","href":"https:\/\/api.w.org\/{rel}","templated":true}]}}