{"id":61,"date":"2020-01-23T18:21:52","date_gmt":"2020-01-23T18:21:52","guid":{"rendered":"https:\/\/demosites.io\/web-agency-gb\/?page_id=61"},"modified":"2023-09-22T15:59:18","modified_gmt":"2023-09-22T15:59:18","slug":"hakkimizda","status":"publish","type":"page","link":"https:\/\/karakurtmuhendislik.com\/?page_id=61","title":{"rendered":"Hakk\u0131m\u0131zda"},"content":{"rendered":"\n<div class=\"wp-block-cover alignfull\" style=\"min-height:300px;aspect-ratio:unset;\"><span aria-hidden=\"true\" class=\"wp-block-cover__background has-nv-site-bg-background-color has-background-dim-100 has-background-dim\"><\/span><div class=\"wp-block-cover__inner-container is-layout-flow wp-block-cover-is-layout-flow\">\n<div class=\"wp-block-group\"><div class=\"wp-block-group__inner-container is-layout-flow wp-block-group-is-layout-flow\">\n<h1 class=\"wp-block-heading has-text-align-left has-neve-text-color-color has-text-color\">Hakk\u0131m\u0131zda<\/h1>\n<\/div><\/div>\n<\/div><\/div>\n\n\n\n<div class=\"wp-block-cover alignfull\" style=\"min-height:600px;aspect-ratio:unset;\"><span aria-hidden=\"true\" class=\"wp-block-cover__background has-nv-light-bg-background-color has-background-dim-100 has-background-dim\"><\/span><div class=\"wp-block-cover__inner-container is-layout-flow wp-block-cover-is-layout-flow\">\n<div class=\"wp-block-group\"><div class=\"wp-block-group__inner-container is-layout-flow wp-block-group-is-layout-flow\">\n<div style=\"height:80px\" aria-hidden=\"true\" class=\"wp-block-spacer\"><\/div>\n\n\n\n<div class=\"wp-block-columns are-vertically-aligned-center has-neve-text-color-color has-text-color is-layout-flex wp-container-core-columns-is-layout-9d6595d7 wp-block-columns-is-layout-flex\">\n<div class=\"wp-block-column is-vertically-aligned-center is-layout-flow wp-block-column-is-layout-flow\" style=\"flex-basis:50%\">\n<figure class=\"wp-block-image size-full\"><img decoding=\"async\" width=\"1024\" height=\"1024\" src=\"https:\/\/mlkqlm4zzthi.i.optimole.com\/w:auto\/h:auto\/q:mauto\/f:avif\/https:\/\/karakurtmuhendislik.com\/wp-content\/uploads\/2023\/09\/otomasyon.jpg\" alt=\"\" class=\"wp-image-393\"\/><\/figure>\n<\/div>\n\n\n\n<div class=\"wp-block-column is-vertically-aligned-center is-layout-flow wp-block-column-is-layout-flow\" style=\"flex-basis:50%\">\n<h2 class=\"wp-block-heading has-neve-text-color-color has-text-color\">Hakk\u0131m\u0131zda<\/h2>\n\n\n\n<p>Karakurt M\u00fchendislik, enerji iletim hatlar\u0131, end\u00fcstriyel tesisler ve da\u011f\u0131t\u0131m merkezleri, elektrik tesisat ve donan\u0131mlar\u0131 gibi alanlarda taahh\u00fct i\u015fleri yapmak ve bunlar\u0131n teminini sa\u011flamak \u00fczere kurulmu\u015f bir firmad\u0131r.<\/p>\n\n\n\n<p>Elektromekanik, enerji iletimi-\u00fcretimi, enerji da\u011f\u0131t\u0131m\u0131 ve telekom\u00fcnikasyon sekt\u00f6rlerinde anahtar teslimi projeler ger\u00e7ekle\u015ftiren Karakurt M\u00fchendislik, projenin tasar\u0131m\u0131ndan, i\u015fletmeye al\u0131nmas\u0131na ve bak\u0131m\u0131na kadar t\u00fcm a\u015famalarda ba\u015far\u0131l\u0131 hizmetler sunmaktad\u0131r.<\/p>\n\n\n\n<p>Kuruldu\u011fu g\u00fcnden beri kurumsal ve bireysel m\u00fc\u015fterilerine kalite, g\u00fcven ve hizmet s\u00fcreklili\u011fi ilkesiyle \u00e7al\u0131\u015fan Karakurt M\u00fchendislik, s\u00fcrekli geli\u015fimini ve b\u00fcy\u00fcmesini s\u00fcrd\u00fcrmektedir.<\/p>\n\n\n\n<p>\u015eirketimiz hedeflerini her ge\u00e7en g\u00fcn y\u00fckselterek yapt\u0131\u011f\u0131 i\u015flerde kalitesini artt\u0131rmakta ve sekt\u00f6r\u00fcnde \u00f6nc\u00fc bir firma olma yolunda ilerlemektedir.<\/p>\n<\/div>\n<\/div>\n\n\n\n<div style=\"height:40px\" aria-hidden=\"true\" class=\"wp-block-spacer\"><\/div>\n<\/div><\/div>\n<\/div><\/div>\n\n\n\n<div class=\"wp-block-cover alignfull\" style=\"min-height:600px;aspect-ratio:unset;\"><span aria-hidden=\"true\" class=\"wp-block-cover__background has-nv-dark-bg-background-color has-background-dim-100 has-background-dim\"><\/span><div class=\"wp-block-cover__inner-container is-layout-flow wp-block-cover-is-layout-flow\">\n<div class=\"wp-block-group\"><div class=\"wp-block-group__inner-container is-layout-flow wp-block-group-is-layout-flow\">\n<div style=\"height:80px\" aria-hidden=\"true\" class=\"wp-block-spacer\"><\/div>\n\n\n\n<div class=\"wp-block-columns are-vertically-aligned-center is-layout-flex wp-container-core-columns-is-layout-9d6595d7 wp-block-columns-is-layout-flex\">\n<div class=\"wp-block-column is-vertically-aligned-center is-layout-flow wp-block-column-is-layout-flow\" style=\"flex-basis:50%\">\n<h2 class=\"wp-block-heading has-nv-text-dark-bg-color has-text-color\">Karakurt M\u00fchendislik<\/h2>\n\n\n\n<p>Karakurt M\u00fchendislik, enerji iletim hatlar\u0131, end\u00fcstriyel tesisler ve da\u011f\u0131t\u0131m merkezleri, elektrik tesisat ve donan\u0131mlar\u0131 gibi alanlarda taahh\u00fct i\u015fleri yapmak ve bunlar\u0131n teminini sa\u011flamak \u00fczere kurulmu\u015f bir firmad\u0131r.<\/p>\n\n\n\n<p>Elektromekanik, enerji iletimi-\u00fcretimi, enerji da\u011f\u0131t\u0131m\u0131 ve telekom\u00fcnikasyon sekt\u00f6rlerinde anahtar teslimi projeler ger\u00e7ekle\u015ftiren Karakurt M\u00fchendislik, projenin tasar\u0131m\u0131ndan, i\u015fletmeye al\u0131nmas\u0131na ve bak\u0131m\u0131na kadar t\u00fcm a\u015famalarda ba\u015far\u0131l\u0131 hizmetler sunmaktad\u0131r.<\/p>\n\n\n\n<p>Kuruldu\u011fu g\u00fcnden beri kurumsal ve bireysel m\u00fc\u015fterilerine kalite, g\u00fcven ve hizmet s\u00fcreklili\u011fi ilkesiyle \u00e7al\u0131\u015fan Karakurt M\u00fchendislik, s\u00fcrekli geli\u015fimini ve b\u00fcy\u00fcmesini s\u00fcrd\u00fcrmektedir.<\/p>\n\n\n\n<p>\u015eirketimiz hedeflerini her ge\u00e7en g\u00fcn y\u00fckselterek yapt\u0131\u011f\u0131 i\u015flerde kalitesini artt\u0131rmakta ve sekt\u00f6r\u00fcnde \u00f6nc\u00fc bir firma olma yolunda ilerlemektedir.<\/p>\n\n\n\n<div style=\"height:20px\" aria-hidden=\"true\" class=\"wp-block-spacer\"><\/div>\n\n\n\n<div class=\"wp-block-buttons is-layout-flex wp-block-buttons-is-layout-flex\">\n<div class=\"wp-block-button is-style-primary\"><a class=\"wp-block-button__link wp-element-button\" href=\"https:\/\/karakurtmuhendislik.com\/?page_id=75\">\u0130LET\u0130\u015e\u0130M<\/a><\/div>\n<\/div>\n\n\n\n<div style=\"height:20px\" aria-hidden=\"true\" class=\"wp-block-spacer\"><\/div>\n<\/div>\n\n\n\n<div class=\"wp-block-column is-vertically-aligned-center is-layout-flow wp-block-column-is-layout-flow\" style=\"flex-basis:50%\">\n<figure class=\"wp-block-image size-large\"><img decoding=\"async\" width=\"1024\" height=\"682\" src=\"https:\/\/mlkqlm4zzthi.i.optimole.com\/w:1024\/h:682\/q:mauto\/f:avif\/https:\/\/karakurtmuhendislik.com\/wp-content\/uploads\/2023\/09\/880-2.jpg\" alt=\"\" class=\"wp-image-406\"\/><\/figure>\n<\/div>\n<\/div>\n\n\n\n<div style=\"height:40px\" aria-hidden=\"true\" class=\"wp-block-spacer\"><\/div>\n<\/div><\/div>\n<\/div><\/div>\n\n\n\n<div class=\"wp-block-cover alignfull\" style=\"min-height:547px;aspect-ratio:unset;\"><span aria-hidden=\"true\" class=\"wp-block-cover__background has-nv-site-bg-background-color has-background-dim-100 has-background-dim\"><\/span><div class=\"wp-block-cover__inner-container is-layout-flow wp-block-cover-is-layout-flow\">\n<div class=\"wp-block-columns is-layout-flex wp-container-core-columns-is-layout-9d6595d7 wp-block-columns-is-layout-flex\">\n<div class=\"wp-block-column is-layout-flow wp-block-column-is-layout-flow\"><\/div>\n\n\n\n<div class=\"wp-block-column is-layout-flow wp-block-column-is-layout-flow\"><\/div>\n<\/div>\n\n\n\n<div style=\"height:0px\" aria-hidden=\"true\" class=\"wp-block-spacer\"><\/div>\n\n\n\n<div class=\"wp-block-columns is-layout-flex wp-container-core-columns-is-layout-9d6595d7 wp-block-columns-is-layout-flex\">\n<div class=\"wp-block-column is-layout-flow wp-block-column-is-layout-flow\">\n<h2 class=\"wp-block-heading has-nv-dark-bg-color has-text-color\">MARKALARIMIZ<\/h2>\n\n\n\n<div class=\"wp-block-columns is-layout-flex wp-container-core-columns-is-layout-9d6595d7 wp-block-columns-is-layout-flex\">\n<div class=\"wp-block-column is-layout-flow wp-block-column-is-layout-flow\">\n<div class=\"wp-block-columns is-layout-flex wp-container-core-columns-is-layout-9d6595d7 wp-block-columns-is-layout-flex\">\n<div class=\"wp-block-column is-layout-flow wp-block-column-is-layout-flow\">\n<div class=\"wp-block-columns is-layout-flex wp-container-core-columns-is-layout-9d6595d7 wp-block-columns-is-layout-flex\">\n<div class=\"wp-block-column is-layout-flow wp-block-column-is-layout-flow\">\n<figure class=\"wp-block-image size-full\"><img decoding=\"async\" width=\"200\" height=\"200\" src=\"https:\/\/mlkqlm4zzthi.i.optimole.com\/w:auto\/h:auto\/q:mauto\/f:avif\/https:\/\/karakurtmuhendislik.com\/wp-content\/uploads\/2020\/12\/web-agency-logo-3.png\" alt=\"\" class=\"wp-image-168\"\/><\/figure>\n<\/div>\n\n\n\n<div class=\"wp-block-column is-layout-flow wp-block-column-is-layout-flow\">\n<figure class=\"wp-block-image size-full\"><img decoding=\"async\" width=\"200\" height=\"200\" src=\"https:\/\/mlkqlm4zzthi.i.optimole.com\/w:auto\/h:auto\/q:mauto\/f:avif\/https:\/\/karakurtmuhendislik.com\/wp-content\/uploads\/2020\/12\/web-agency-logo-3.png\" alt=\"\" class=\"wp-image-168\"\/><\/figure>\n<\/div>\n<\/div>\n<\/div>\n\n\n\n<div class=\"wp-block-column is-layout-flow wp-block-column-is-layout-flow\">\n<div class=\"wp-block-columns is-layout-flex wp-container-core-columns-is-layout-9d6595d7 wp-block-columns-is-layout-flex\">\n<div class=\"wp-block-column is-layout-flow wp-block-column-is-layout-flow\">\n<figure class=\"wp-block-image size-full\"><img decoding=\"async\" width=\"200\" height=\"200\" src=\"https:\/\/mlkqlm4zzthi.i.optimole.com\/w:auto\/h:auto\/q:mauto\/f:avif\/https:\/\/karakurtmuhendislik.com\/wp-content\/uploads\/2020\/12\/web-agency-logo-3.png\" alt=\"\" class=\"wp-image-168\"\/><\/figure>\n<\/div>\n\n\n\n<div class=\"wp-block-column is-layout-flow wp-block-column-is-layout-flow\">\n<figure class=\"wp-block-image size-full\"><img decoding=\"async\" width=\"200\" height=\"200\" src=\"https:\/\/mlkqlm4zzthi.i.optimole.com\/w:auto\/h:auto\/q:mauto\/f:avif\/https:\/\/karakurtmuhendislik.com\/wp-content\/uploads\/2020\/12\/web-agency-logo-3.png\" alt=\"\" class=\"wp-image-168\"\/><\/figure>\n<\/div>\n<\/div>\n<\/div>\n\n\n\n<div class=\"wp-block-column is-layout-flow wp-block-column-is-layout-flow\">\n<div class=\"wp-block-columns is-layout-flex wp-container-core-columns-is-layout-9d6595d7 wp-block-columns-is-layout-flex\">\n<div class=\"wp-block-column is-layout-flow wp-block-column-is-layout-flow\">\n<figure class=\"wp-block-image size-full\"><img decoding=\"async\" width=\"200\" height=\"200\" src=\"https:\/\/mlkqlm4zzthi.i.optimole.com\/w:auto\/h:auto\/q:mauto\/f:avif\/https:\/\/karakurtmuhendislik.com\/wp-content\/uploads\/2020\/12\/web-agency-logo-3.png\" alt=\"\" class=\"wp-image-168\"\/><\/figure>\n<\/div>\n\n\n\n<div class=\"wp-block-column is-layout-flow wp-block-column-is-layout-flow\">\n<figure class=\"wp-block-image size-full\"><img decoding=\"async\" width=\"200\" height=\"200\" src=\"https:\/\/mlkqlm4zzthi.i.optimole.com\/w:auto\/h:auto\/q:mauto\/f:avif\/https:\/\/karakurtmuhendislik.com\/wp-content\/uploads\/2020\/12\/web-agency-logo-3.png\" alt=\"\" class=\"wp-image-168\"\/><\/figure>\n<\/div>\n<\/div>\n<\/div>\n<\/div>\n<\/div>\n<\/div>\n<\/div>\n<\/div>\n<\/div><\/div>\n","protected":false},"excerpt":{"rendered":"","protected":false},"author":1,"featured_media":0,"parent":0,"menu_order":0,"comment_status":"closed","ping_status":"closed","template":"","meta":{"neve_meta_sidebar":"default","neve_meta_container":"default","neve_meta_enable_content_width":"on","neve_meta_content_width":100,"neve_meta_title_alignment":"","neve_meta_author_avatar":"","neve_post_elements_order":"","neve_meta_disable_header":"","neve_meta_disable_footer":"","neve_meta_disable_title":"on","_themeisle_gutenberg_block_has_review":false,"_ti_tpc_template_sync":false,"_ti_tpc_template_id":"0qhau2t6eoekosrgo1a2","footnotes":""},"class_list":["post-61","page","type-page","status-publish","hentry"],"yoast_head":"<!-- This site is optimized with the Yoast SEO plugin v20.1 - https:\/\/yoast.com\/wordpress\/plugins\/seo\/ -->\n<title>Hakk\u0131m\u0131zda - Karakurt M\u00fchendislik | Makina ve Otomasyon<\/title>\n<meta name=\"robots\" content=\"index, follow, max-snippet:-1, max-image-preview:large, max-video-preview:-1\" \/>\n<link rel=\"canonical\" href=\"https:\/\/karakurtmuhendislik.com\/?page_id=61\" \/>\n<meta property=\"og:locale\" content=\"tr_TR\" \/>\n<meta property=\"og:type\" content=\"article\" \/>\n<meta property=\"og:title\" content=\"Hakk\u0131m\u0131zda - Karakurt M\u00fchendislik | Makina ve Otomasyon\" \/>\n<meta property=\"og:url\" content=\"https:\/\/karakurtmuhendislik.com\/?page_id=61\" \/>\n<meta property=\"og:site_name\" content=\"Karakurt M\u00fchendislik | Makina ve Otomasyon\" \/>\n<meta property=\"article:modified_time\" content=\"2023-09-22T15:59:18+00:00\" \/>\n<meta property=\"og:image\" content=\"https:\/\/mlkqlm4zzthi.i.optimole.com\/w:auto\/h:auto\/q:mauto\/f:avif\/https:\/\/karakurtmuhendislik.com\/wp-content\/uploads\/2023\/09\/otomasyon.jpg\" \/>\n<meta name=\"twitter:card\" content=\"summary_large_image\" \/>\n<meta name=\"twitter:label1\" content=\"Tahmini okuma s\u00fcresi\" \/>\n\t<meta name=\"twitter:data1\" content=\"3 dakika\" \/>\n<script type=\"application\/ld+json\" class=\"yoast-schema-graph\">{\"@context\":\"https:\/\/schema.org\",\"@graph\":[{\"@type\":\"WebPage\",\"@id\":\"https:\/\/karakurtmuhendislik.com\/?page_id=61\",\"url\":\"https:\/\/karakurtmuhendislik.com\/?page_id=61\",\"name\":\"Hakk\u0131m\u0131zda - Karakurt M\u00fchendislik | Makina ve Otomasyon\",\"isPartOf\":{\"@id\":\"https:\/\/karakurtmuhendislik.com\/#website\"},\"datePublished\":\"2020-01-23T18:21:52+00:00\",\"dateModified\":\"2023-09-22T15:59:18+00:00\",\"breadcrumb\":{\"@id\":\"https:\/\/karakurtmuhendislik.com\/?page_id=61#breadcrumb\"},\"inLanguage\":\"tr\",\"potentialAction\":[{\"@type\":\"ReadAction\",\"target\":[\"https:\/\/karakurtmuhendislik.com\/?page_id=61\"]}]},{\"@type\":\"BreadcrumbList\",\"@id\":\"https:\/\/karakurtmuhendislik.com\/?page_id=61#breadcrumb\",\"itemListElement\":[{\"@type\":\"ListItem\",\"position\":1,\"name\":\"Anasayfa\",\"item\":\"https:\/\/karakurtmuhendislik.com\/\"},{\"@type\":\"ListItem\",\"position\":2,\"name\":\"Hakk\u0131m\u0131zda\"}]},{\"@type\":\"WebSite\",\"@id\":\"https:\/\/karakurtmuhendislik.com\/#website\",\"url\":\"https:\/\/karakurtmuhendislik.com\/\",\"name\":\"Karakurt M\u00fchendislik | Makina ve Otomasyon\",\"description\":\"\",\"publisher\":{\"@id\":\"https:\/\/karakurtmuhendislik.com\/#organization\"},\"potentialAction\":[{\"@type\":\"SearchAction\",\"target\":{\"@type\":\"EntryPoint\",\"urlTemplate\":\"https:\/\/karakurtmuhendislik.com\/?s={search_term_string}\"},\"query-input\":\"required name=search_term_string\"}],\"inLanguage\":\"tr\"},{\"@type\":\"Organization\",\"@id\":\"https:\/\/karakurtmuhendislik.com\/#organization\",\"name\":\"Karakurt M\u00fchendislik | Makina ve Otomasyon\",\"url\":\"https:\/\/karakurtmuhendislik.com\/\",\"logo\":{\"@type\":\"ImageObject\",\"inLanguage\":\"tr\",\"@id\":\"https:\/\/karakurtmuhendislik.com\/#\/schema\/logo\/image\/\",\"url\":\"https:\/\/mlkqlm4zzthi.i.optimole.com\/w:auto\/h:auto\/q:mauto\/f:avif\/https:\/\/karakurtmuhendislik.com\/wp-content\/uploads\/2020\/12\/web-agency-logo-3.png\",\"contentUrl\":\"https:\/\/mlkqlm4zzthi.i.optimole.com\/w:auto\/h:auto\/q:mauto\/f:avif\/https:\/\/karakurtmuhendislik.com\/wp-content\/uploads\/2020\/12\/web-agency-logo-3.png\",\"width\":200,\"height\":200,\"caption\":\"Karakurt M\u00fchendislik | Makina ve Otomasyon\"},\"image\":{\"@id\":\"https:\/\/karakurtmuhendislik.com\/#\/schema\/logo\/image\/\"}}]}<\/script>\n<!-- \/ Yoast SEO plugin. -->","yoast_head_json":{"title":"Hakk\u0131m\u0131zda - Karakurt M\u00fchendislik | Makina ve Otomasyon","robots":{"index":"index","follow":"follow","max-snippet":"max-snippet:-1","max-image-preview":"max-image-preview:large","max-video-preview":"max-video-preview:-1"},"canonical":"https:\/\/karakurtmuhendislik.com\/?page_id=61","og_locale":"tr_TR","og_type":"article","og_title":"Hakk\u0131m\u0131zda - Karakurt M\u00fchendislik | Makina ve Otomasyon","og_url":"https:\/\/karakurtmuhendislik.com\/?page_id=61","og_site_name":"Karakurt M\u00fchendislik | Makina ve Otomasyon","article_modified_time":"2023-09-22T15:59:18+00:00","og_image":[{"url":"https:\/\/mlkqlm4zzthi.i.optimole.com\/w:auto\/h:auto\/q:mauto\/f:avif\/https:\/\/karakurtmuhendislik.com\/wp-content\/uploads\/2023\/09\/otomasyon.jpg"}],"twitter_card":"summary_large_image","twitter_misc":{"Tahmini okuma s\u00fcresi":"3 dakika"},"schema":{"@context":"https:\/\/schema.org","@graph":[{"@type":"WebPage","@id":"https:\/\/karakurtmuhendislik.com\/?page_id=61","url":"https:\/\/karakurtmuhendislik.com\/?page_id=61","name":"Hakk\u0131m\u0131zda - Karakurt M\u00fchendislik | Makina ve Otomasyon","isPartOf":{"@id":"https:\/\/karakurtmuhendislik.com\/#website"},"datePublished":"2020-01-23T18:21:52+00:00","dateModified":"2023-09-22T15:59:18+00:00","breadcrumb":{"@id":"https:\/\/karakurtmuhendislik.com\/?page_id=61#breadcrumb"},"inLanguage":"tr","potentialAction":[{"@type":"ReadAction","target":["https:\/\/karakurtmuhendislik.com\/?page_id=61"]}]},{"@type":"BreadcrumbList","@id":"https:\/\/karakurtmuhendislik.com\/?page_id=61#breadcrumb","itemListElement":[{"@type":"ListItem","position":1,"name":"Anasayfa","item":"https:\/\/karakurtmuhendislik.com\/"},{"@type":"ListItem","position":2,"name":"Hakk\u0131m\u0131zda"}]},{"@type":"WebSite","@id":"https:\/\/karakurtmuhendislik.com\/#website","url":"https:\/\/karakurtmuhendislik.com\/","name":"Karakurt M\u00fchendislik | Makina ve Otomasyon","description":"","publisher":{"@id":"https:\/\/karakurtmuhendislik.com\/#organization"},"potentialAction":[{"@type":"SearchAction","target":{"@type":"EntryPoint","urlTemplate":"https:\/\/karakurtmuhendislik.com\/?s={search_term_string}"},"query-input":"required name=search_term_string"}],"inLanguage":"tr"},{"@type":"Organization","@id":"https:\/\/karakurtmuhendislik.com\/#organization","name":"Karakurt M\u00fchendislik | Makina ve Otomasyon","url":"https:\/\/karakurtmuhendislik.com\/","logo":{"@type":"ImageObject","inLanguage":"tr","@id":"https:\/\/karakurtmuhendislik.com\/#\/schema\/logo\/image\/","url":"https:\/\/mlkqlm4zzthi.i.optimole.com\/w:auto\/h:auto\/q:mauto\/f:avif\/https:\/\/karakurtmuhendislik.com\/wp-content\/uploads\/2020\/12\/web-agency-logo-3.png","contentUrl":"https:\/\/mlkqlm4zzthi.i.optimole.com\/w:auto\/h:auto\/q:mauto\/f:avif\/https:\/\/karakurtmuhendislik.com\/wp-content\/uploads\/2020\/12\/web-agency-logo-3.png","width":200,"height":200,"caption":"Karakurt M\u00fchendislik | Makina ve Otomasyon"},"image":{"@id":"https:\/\/karakurtmuhendislik.com\/#\/schema\/logo\/image\/"}}]}},"_links":{"self":[{"href":"https:\/\/karakurtmuhendislik.com\/index.php?rest_route=\/wp\/v2\/pages\/61","targetHints":{"allow":["GET"]}}],"collection":[{"href":"https:\/\/karakurtmuhendislik.com\/index.php?rest_route=\/wp\/v2\/pages"}],"about":[{"href":"https:\/\/karakurtmuhendislik.com\/index.php?rest_route=\/wp\/v2\/types\/page"}],"author":[{"embeddable":true,"href":"https:\/\/karakurtmuhendislik.com\/index.php?rest_route=\/wp\/v2\/users\/1"}],"replies":[{"embeddable":true,"href":"https:\/\/karakurtmuhendislik.com\/index.php?rest_route=%2Fwp%2Fv2%2Fcomments&post=61"}],"version-history":[{"count":8,"href":"https:\/\/karakurtmuhendislik.com\/index.php?rest_route=\/wp\/v2\/pages\/61\/revisions"}],"predecessor-version":[{"id":451,"href":"https:\/\/karakurtmuhendislik.com\/index.php?rest_route=\/wp\/v2\/pages\/61\/revisions\/451"}],"wp:attachment":[{"href":"https:\/\/karakurtmuhendislik.com\/index.php?rest_route=%2Fwp%2Fv2%2Fmedia&parent=61"}],"curies":[{"name":"wp","href":"https:\/\/api.w.org\/{rel}","templated":true}]}}