{"id":474,"date":"2023-09-23T15:35:46","date_gmt":"2023-09-23T15:35:46","guid":{"rendered":"https:\/\/karakurtmuhendislik.com\/?page_id=474"},"modified":"2023-09-23T16:08:13","modified_gmt":"2023-09-23T16:08:13","slug":"abb-suruculer","status":"publish","type":"page","link":"https:\/\/karakurtmuhendislik.com\/?page_id=474","title":{"rendered":"ABB S\u00fcr\u00fcc\u00fcler"},"content":{"rendered":"\n<h2 class=\"wp-block-heading\">ABB S\u00fcr\u00fcc\u00fcler<\/h2>\n\n\n\n<p class=\"has-text-align-center has-midnight-gradient-background has-text-color has-background\" style=\"color:#ff0000\"><a href=\"https:\/\/karakurtmuhendislik.com\/wp-content\/uploads\/2023\/09\/ABB-AC-SURUCU-SECIM-TABLOSU-KT-ELEKTRIK.pdf\"><strong>S\u00dcR\u00dcC\u00dc SE\u00c7\u0130M TABLOSU \u0130\u00c7\u0130N BURAYI TIKLAYIN<\/strong><\/a><\/p>\n\n\n\n<div class=\"wp-block-group\"><div class=\"wp-block-group__inner-container is-layout-constrained wp-block-group-is-layout-constrained\">\n<div class=\"wp-block-media-text is-stacked-on-mobile\" style=\"grid-template-columns:21% auto\"><figure class=\"wp-block-media-text__media\"><img decoding=\"async\" width=\"150\" height=\"150\" src=\"https:\/\/mlkqlm4zzthi.i.optimole.com\/w:150\/h:150\/q:mauto\/rt:fill\/g:ce\/f:avif\/https:\/\/karakurtmuhendislik.com\/wp-content\/uploads\/2023\/09\/ACS150-1.jpg\" alt=\"\" class=\"wp-image-476 size-thumbnail\"\/><\/figure><div class=\"wp-block-media-text__content\">\n<h5 class=\"wp-block-heading\">ACS150 S\u00fcr\u00fcc\u00fc<\/h5>\n\n\n\n<p>ABB\u02b9nin uyumlu s\u00fcr\u00fcc\u00fcler \u00fcyesi.<br>kolay kurulum ve kullan\u0131m, s\u00fcr\u00fcc\u00fcye yerle\u015fik t\u00fcm temel \u00f6zellikler, basit ayarlar men\u00fcs\u00fc ve h\u0131zl\u0131 devreye alma i\u00e7in asistanlar<\/p>\n\n\n\n<p class=\"has-nv-dark-bg-background-color has-background\" style=\"font-size:16px\"><strong><a href=\"https:\/\/library.e.abb.com\/public\/25ffe922f62c48efa0bbf131405232e2\/TR_ACS150_QISG_C_A3.pdf\">KATALOG \u0130ND\u0130R<\/a><\/strong><\/p>\n<\/div><\/div>\n\n\n\n<div class=\"wp-block-media-text is-stacked-on-mobile\" style=\"grid-template-columns:21% auto\"><figure class=\"wp-block-media-text__media\"><img decoding=\"async\" width=\"248\" height=\"203\" src=\"https:\/\/mlkqlm4zzthi.i.optimole.com\/w:auto\/h:auto\/q:mauto\/f:avif\/https:\/\/karakurtmuhendislik.com\/wp-content\/uploads\/2023\/09\/ACS310.jpg\" alt=\"\" class=\"wp-image-477 size-thumbnail\"\/><\/figure><div class=\"wp-block-media-text__content\">\n<h5 class=\"wp-block-heading\">ACS310 S\u00fcr\u00fcc\u00fc<\/h5>\n\n\n\n<p>ABB standart s\u00fcr\u00fcc\u00fc ailesine eklenen ACS310, pompa ve fan gibi de\u011fi\u015fken torklu uygulamalar i\u00e7in \u00f6zel olarak tasarlanm\u0131\u015f bir s\u00fcr\u00fcc\u00fc ailesidir.<\/p>\n\n\n\n<p class=\"has-nv-text-dark-bg-color has-nv-dark-bg-background-color has-text-color has-background\" style=\"font-size:16px\"><strong><a href=\"https:\/\/search.abb.com\/library\/Download.aspx?DocumentID=3AUA0000073085&amp;LanguageCode=tr&amp;DocumentPartId=1&amp;Action=Launch\">KATALOG \u0130ND\u0130R<\/a><\/strong><\/p>\n<\/div><\/div>\n\n\n\n<div class=\"wp-block-media-text is-stacked-on-mobile\" style=\"grid-template-columns:21% auto\"><figure class=\"wp-block-media-text__media\"><img decoding=\"async\" width=\"194\" height=\"259\" src=\"https:\/\/mlkqlm4zzthi.i.optimole.com\/w:auto\/h:auto\/q:mauto\/f:avif\/https:\/\/karakurtmuhendislik.com\/wp-content\/uploads\/2023\/09\/ACS355.jpg\" alt=\"\" class=\"wp-image-478 size-thumbnail\"\/><\/figure><div class=\"wp-block-media-text__content\">\n<h5 class=\"wp-block-heading\">ACS355 S\u00fcr\u00fcc\u00fc<\/h5>\n\n\n\n<p>ACS355, makine imalat\u0131na y\u00f6nelik olarak \u00fcretilmi\u015ftir.<\/p>\n\n\n\n<p class=\"has-nv-text-dark-bg-color has-nv-dark-bg-background-color has-text-color has-background\" style=\"font-size:16px\"><strong><a href=\"https:\/\/search.abb.com\/library\/Download.aspx?DocumentID=3AUA0000071766&amp;LanguageCode=tr&amp;DocumentPartId=1&amp;Action=Launch\">KATALOG \u0130ND\u0130R<\/a><\/strong><\/p>\n<\/div><\/div>\n\n\n\n<div class=\"wp-block-media-text is-stacked-on-mobile\" style=\"grid-template-columns:21% auto\"><figure class=\"wp-block-media-text__media\"><img data-opt-src=\"https:\/\/mlkqlm4zzthi.i.optimole.com\/w:auto\/h:auto\/q:mauto\/f:avif\/https:\/\/karakurtmuhendislik.com\/wp-content\/uploads\/2023\/09\/ACS380.jpg\"  decoding=\"async\" width=\"189\" height=\"267\" src=\"https:\/\/mlkqlm4zzthi.i.optimole.com\/w:auto\/h:auto\/q:eco\/f:avif\/https:\/\/karakurtmuhendislik.com\/wp-content\/uploads\/2023\/09\/ACS380.jpg\" alt=\"\" class=\"wp-image-479 size-thumbnail\"\/><noscript><img decoding=\"async\" width=\"189\" height=\"267\" src=\"https:\/\/mlkqlm4zzthi.i.optimole.com\/w:auto\/h:auto\/q:mauto\/f:avif\/https:\/\/karakurtmuhendislik.com\/wp-content\/uploads\/2023\/09\/ACS380.jpg\" alt=\"\" class=\"wp-image-479 size-thumbnail\"\/></noscript><\/figure><div class=\"wp-block-media-text__content\">\n<h5 class=\"wp-block-heading\">ACS380 S\u00fcr\u00fcc\u00fc<\/h5>\n\n\n\n<p>ACS380, makine imalat\u0131na y\u00f6nelik olarak \u00fcretilmi\u015ftir.<\/p>\n\n\n\n<p class=\"has-nv-text-dark-bg-color has-nv-dark-bg-background-color has-text-color has-background\" style=\"font-size:16px\"><strong><a href=\"https:\/\/search.abb.com\/library\/Download.aspx?DocumentID=3AXD50000036113&amp;LanguageCode=tr&amp;DocumentPartId=1&amp;Action=Launch\">KATALOG \u0130ND\u0130R<\/a><\/strong><\/p>\n<\/div><\/div>\n\n\n\n<div class=\"wp-block-media-text is-stacked-on-mobile\" style=\"grid-template-columns:20% auto\"><figure class=\"wp-block-media-text__media\"><img data-opt-src=\"https:\/\/mlkqlm4zzthi.i.optimole.com\/w:auto\/h:auto\/q:mauto\/f:avif\/https:\/\/karakurtmuhendislik.com\/wp-content\/uploads\/2023\/09\/ACS550.jpg\"  decoding=\"async\" width=\"170\" height=\"297\" src=\"https:\/\/mlkqlm4zzthi.i.optimole.com\/w:auto\/h:auto\/q:eco\/f:avif\/https:\/\/karakurtmuhendislik.com\/wp-content\/uploads\/2023\/09\/ACS550.jpg\" alt=\"\" class=\"wp-image-480 size-thumbnail\"\/><noscript><img decoding=\"async\" width=\"170\" height=\"297\" src=\"https:\/\/mlkqlm4zzthi.i.optimole.com\/w:auto\/h:auto\/q:mauto\/f:avif\/https:\/\/karakurtmuhendislik.com\/wp-content\/uploads\/2023\/09\/ACS550.jpg\" alt=\"\" class=\"wp-image-480 size-thumbnail\"\/></noscript><\/figure><div class=\"wp-block-media-text__content\">\n<h5 class=\"wp-block-heading\">ACS550 S\u00fcr\u00fcc\u00fc<\/h5>\n\n\n\n<p>Enerji verimlili\u011fi yaz\u0131l\u0131m\u0131 ile tasarruf projelerinde daha k\u0131sa geri d\u00f6n\u00fc\u0219 s\u00fcresi ve daha do\u011fru raporlama sa\u011flar<\/p>\n\n\n\n<p class=\"has-nv-text-dark-bg-color has-nv-dark-bg-background-color has-text-color has-background\" style=\"font-size:16px\"><strong><a href=\"https:\/\/search.abb.com\/library\/Download.aspx?DocumentID=3AUA0000064112&amp;LanguageCode=tr&amp;DocumentPartId=1&amp;Action=Launch\">KATALOG \u0130ND\u0130R<\/a><\/strong><\/p>\n<\/div><\/div>\n\n\n\n<div class=\"wp-block-media-text is-stacked-on-mobile\" style=\"grid-template-columns:20% auto\"><figure class=\"wp-block-media-text__media\"><img data-opt-src=\"https:\/\/mlkqlm4zzthi.i.optimole.com\/w:auto\/h:auto\/q:mauto\/f:avif\/https:\/\/karakurtmuhendislik.com\/wp-content\/uploads\/2023\/09\/ACS580.jpg\"  decoding=\"async\" width=\"183\" height=\"275\" src=\"https:\/\/mlkqlm4zzthi.i.optimole.com\/w:auto\/h:auto\/q:eco\/f:avif\/https:\/\/karakurtmuhendislik.com\/wp-content\/uploads\/2023\/09\/ACS580.jpg\" alt=\"\" class=\"wp-image-481 size-thumbnail\"\/><noscript><img decoding=\"async\" width=\"183\" height=\"275\" src=\"https:\/\/mlkqlm4zzthi.i.optimole.com\/w:auto\/h:auto\/q:mauto\/f:avif\/https:\/\/karakurtmuhendislik.com\/wp-content\/uploads\/2023\/09\/ACS580.jpg\" alt=\"\" class=\"wp-image-481 size-thumbnail\"\/></noscript><\/figure><div class=\"wp-block-media-text__content\">\n<h5 class=\"wp-block-heading\">ACS580 S\u00dcR\u00dcC\u00dc<\/h5>\n\n\n\n<p>ABB\u02b9nin uyumlu s\u00fcr\u00fcc\u00fcler \u00fcyesi.<br>kolay kurulum ve kullan\u0131m, s\u00fcr\u00fcc\u00fcye yerle\u015fik t\u00fcm temel \u00f6zellikler, basit ayarlar men\u00fcs\u00fc ve h\u0131zl\u0131 devreye alma i\u00e7in asistanlar<\/p>\n\n\n\n<p class=\"has-nv-text-dark-bg-color has-nv-dark-bg-background-color has-text-color has-background\" style=\"font-size:16px\"><strong><a href=\"https:\/\/search.abb.com\/library\/Download.aspx?DocumentID=3AXD50000019827&amp;LanguageCode=tr&amp;DocumentPartId=1&amp;Action=Launch\">KATALOG \u0130ND\u0130R<\/a><\/strong><\/p>\n<\/div><\/div>\n\n\n\n<div class=\"wp-block-media-text is-stacked-on-mobile\" style=\"grid-template-columns:20% auto\"><figure class=\"wp-block-media-text__media\"><img data-opt-src=\"https:\/\/mlkqlm4zzthi.i.optimole.com\/w:auto\/h:auto\/q:mauto\/f:avif\/https:\/\/karakurtmuhendislik.com\/wp-content\/uploads\/2023\/09\/ACS800.jpg\"  decoding=\"async\" width=\"193\" height=\"261\" src=\"https:\/\/mlkqlm4zzthi.i.optimole.com\/w:auto\/h:auto\/q:eco\/f:avif\/https:\/\/karakurtmuhendislik.com\/wp-content\/uploads\/2023\/09\/ACS800.jpg\" alt=\"\" class=\"wp-image-482 size-thumbnail\"\/><noscript><img decoding=\"async\" width=\"193\" height=\"261\" src=\"https:\/\/mlkqlm4zzthi.i.optimole.com\/w:auto\/h:auto\/q:mauto\/f:avif\/https:\/\/karakurtmuhendislik.com\/wp-content\/uploads\/2023\/09\/ACS800.jpg\" alt=\"\" class=\"wp-image-482 size-thumbnail\"\/></noscript><\/figure><div class=\"wp-block-media-text__content\">\n<h5 class=\"wp-block-heading\">ACS800 S\u00fcr\u00fcc\u00fc<\/h5>\n\n\n\n<p>ABB komponents\u00fcr\u00fcc\u00fcler, makine imalat sekt\u00f6r\u00fcne y\u00f6nelik olarak tasarlanm\u0131\u015ft\u0131r. Komponent s\u00fcr\u00fcc\u00fcler, optimize edilmi\u015f opsiyonlar\u0131 ve se\u00e7enekleri ile kolay ve h\u0131zl\u0131 temin edilebilmektedirler.<\/p>\n\n\n\n<p class=\"has-nv-text-dark-bg-color has-nv-dark-bg-background-color has-text-color has-background\" style=\"font-size:16px\"><strong><a href=\"https:\/\/search.abb.com\/library\/Download.aspx?DocumentID=3AUA0000068594&amp;LanguageCode=tr&amp;DocumentPartId=1&amp;Action=Launch\">KATALOG \u0130ND\u0130R<\/a><\/strong><\/p>\n<\/div><\/div>\n\n\n\n<div class=\"wp-block-media-text is-stacked-on-mobile\" style=\"grid-template-columns:20% auto\"><figure class=\"wp-block-media-text__media\"><img data-opt-src=\"https:\/\/mlkqlm4zzthi.i.optimole.com\/w:auto\/h:auto\/q:mauto\/f:avif\/https:\/\/karakurtmuhendislik.com\/wp-content\/uploads\/2023\/09\/ACS880.jpg\"  decoding=\"async\" width=\"189\" height=\"267\" src=\"https:\/\/mlkqlm4zzthi.i.optimole.com\/w:auto\/h:auto\/q:eco\/f:avif\/https:\/\/karakurtmuhendislik.com\/wp-content\/uploads\/2023\/09\/ACS880.jpg\" alt=\"\" class=\"wp-image-483 size-thumbnail\"\/><noscript><img decoding=\"async\" width=\"189\" height=\"267\" src=\"https:\/\/mlkqlm4zzthi.i.optimole.com\/w:auto\/h:auto\/q:mauto\/f:avif\/https:\/\/karakurtmuhendislik.com\/wp-content\/uploads\/2023\/09\/ACS880.jpg\" alt=\"\" class=\"wp-image-483 size-thumbnail\"\/></noscript><\/figure><div class=\"wp-block-media-text__content\">\n<h5 class=\"wp-block-heading\">ACS880 S\u00fcr\u00fcc\u00fc<\/h5>\n\n\n\n<p>Tam uyumlu s\u00fcr\u00fcc\u00fcler; farkl\u0131 end\u00fcstriler ve uygulamalar i\u00e7in y\u00fcksek uyum ve esneklik sa\u011flar. ACS880; petrokimya, maden, metal, kimya, \u00e7imento, enerji santralleri, malzeme i\u0219leme, ka\u011f\u0131t ve denizcilik gibi sekt\u00f6rlerin hassas ihtiya\u00e7lar\u0131n\u0131 kar\u0219\u0131layacak \u0219ekilde tasarlanm\u0131\u0219t\u0131r. S\u00fcr\u00fcc\u00fcler; vin\u00e7, ekstr\u00fcder, sar\u0131c\u0131, konvey\u00f6r, mikser, kompres\u00f6r, pompa ve fan gibi \u00e7ok \u00e7e\u0219itli uygulamalarda kullan\u0131labilir.<\/p>\n\n\n\n<p class=\"has-nv-text-dark-bg-color has-nv-dark-bg-background-color has-text-color has-background\" style=\"font-size:16px\"><strong><a href=\"https:\/\/search.abb.com\/library\/Download.aspx?DocumentID=3AXD50000315611&amp;LanguageCode=tr&amp;DocumentPartId=1&amp;Action=Launch\">KATALOG \u0130ND\u0130R<\/a><\/strong><\/p>\n<\/div><\/div>\n<\/div><\/div>\n\n\n\n<div class=\"wp-block-cover alignfull\" style=\"min-height:300px;aspect-ratio:unset;\"><span aria-hidden=\"true\" class=\"wp-block-cover__background has-nv-dark-bg-background-color has-background-dim-100 has-background-dim\"><\/span><div class=\"wp-block-cover__inner-container is-layout-flow wp-block-cover-is-layout-flow\">\n<div style=\"height:140px\" aria-hidden=\"true\" class=\"wp-block-spacer\"><\/div>\n\n\n\n<h2 class=\"wp-block-heading has-text-align-center has-nv-text-dark-bg-color has-text-color\">\u00dcr\u00fcnlerimiz Hakk\u0131nda <\/h2>\n\n\n\n<h2 class=\"wp-block-heading has-text-align-center has-nv-text-dark-bg-color has-text-color\">Daha Fazla Bilgi Almak \u0130stermisiniz ?<\/h2>\n\n\n\n<div class=\"wp-block-buttons is-horizontal is-content-justification-center is-layout-flex wp-container-core-buttons-is-layout-499968f5 wp-block-buttons-is-layout-flex\">\n<div class=\"wp-block-button is-style-primary\"><a class=\"wp-block-button__link wp-element-button\" href=\"https:\/\/karakurtmuhendislik.com\/iletisim\">\u0130LET\u0130\u015e\u0130M<\/a><\/div>\n<\/div>\n\n\n\n<div style=\"height:140px\" aria-hidden=\"true\" class=\"wp-block-spacer\"><\/div>\n<\/div><\/div>\n","protected":false},"excerpt":{"rendered":"<p>ABB S\u00fcr\u00fcc\u00fcler S\u00dcR\u00dcC\u00dc SE\u00c7\u0130M TABLOSU \u0130\u00c7\u0130N BURAYI TIKLAYIN ACS150 S\u00fcr\u00fcc\u00fc ABB\u02b9nin uyumlu s\u00fcr\u00fcc\u00fcler \u00fcyesi.kolay kurulum ve kullan\u0131m, s\u00fcr\u00fcc\u00fcye yerle\u015fik t\u00fcm temel \u00f6zellikler, basit ayarlar men\u00fcs\u00fc ve h\u0131zl\u0131 devreye alma i\u00e7in asistanlar KATALOG \u0130ND\u0130R ACS310 S\u00fcr\u00fcc\u00fc ABB standart s\u00fcr\u00fcc\u00fc ailesine eklenen ACS310, pompa ve fan gibi de\u011fi\u015fken torklu uygulamalar i\u00e7in \u00f6zel olarak tasarlanm\u0131\u015f bir s\u00fcr\u00fcc\u00fc ailesidir.&hellip;&nbsp;<a href=\"https:\/\/karakurtmuhendislik.com\/?page_id=474\" class=\"\" rel=\"bookmark\">Daha fazlas\u0131n\u0131 oku &raquo;<span class=\"screen-reader-text\">ABB S\u00fcr\u00fcc\u00fcler<\/span><\/a><\/p>\n","protected":false},"author":1,"featured_media":0,"parent":0,"menu_order":0,"comment_status":"closed","ping_status":"closed","template":"","meta":{"neve_meta_sidebar":"default","neve_meta_container":"","neve_meta_enable_content_width":"on","neve_meta_content_width":100,"neve_meta_title_alignment":"","neve_meta_author_avatar":"","neve_post_elements_order":"","neve_meta_disable_header":"","neve_meta_disable_footer":"","neve_meta_disable_title":"on","_themeisle_gutenberg_block_has_review":false,"_ti_tpc_template_sync":false,"_ti_tpc_template_id":"bhii09ux20eago4lvw13","footnotes":""},"class_list":["post-474","page","type-page","status-publish","hentry"],"yoast_head":"<!-- This site is optimized with the Yoast SEO plugin v20.1 - https:\/\/yoast.com\/wordpress\/plugins\/seo\/ -->\n<title>ABB S\u00fcr\u00fcc\u00fcler - Karakurt M\u00fchendislik | Makina ve Otomasyon<\/title>\n<meta name=\"robots\" content=\"index, follow, max-snippet:-1, max-image-preview:large, max-video-preview:-1\" \/>\n<link rel=\"canonical\" href=\"https:\/\/karakurtmuhendislik.com\/?page_id=474\" \/>\n<meta property=\"og:locale\" content=\"tr_TR\" \/>\n<meta property=\"og:type\" content=\"article\" \/>\n<meta property=\"og:title\" content=\"ABB S\u00fcr\u00fcc\u00fcler - Karakurt M\u00fchendislik | Makina ve Otomasyon\" \/>\n<meta property=\"og:description\" content=\"ABB S\u00fcr\u00fcc\u00fcler S\u00dcR\u00dcC\u00dc SE\u00c7\u0130M TABLOSU \u0130\u00c7\u0130N BURAYI TIKLAYIN ACS150 S\u00fcr\u00fcc\u00fc ABB\u02b9nin uyumlu s\u00fcr\u00fcc\u00fcler \u00fcyesi.kolay kurulum ve kullan\u0131m, s\u00fcr\u00fcc\u00fcye yerle\u015fik t\u00fcm temel \u00f6zellikler, basit ayarlar men\u00fcs\u00fc ve h\u0131zl\u0131 devreye alma i\u00e7in asistanlar KATALOG \u0130ND\u0130R ACS310 S\u00fcr\u00fcc\u00fc ABB standart s\u00fcr\u00fcc\u00fc ailesine eklenen ACS310, pompa ve fan gibi de\u011fi\u015fken torklu uygulamalar i\u00e7in \u00f6zel olarak tasarlanm\u0131\u015f bir s\u00fcr\u00fcc\u00fc ailesidir.&hellip;&nbsp;Daha fazlas\u0131n\u0131 oku &raquo;ABB S\u00fcr\u00fcc\u00fcler\" \/>\n<meta property=\"og:url\" content=\"https:\/\/karakurtmuhendislik.com\/?page_id=474\" \/>\n<meta property=\"og:site_name\" content=\"Karakurt M\u00fchendislik | Makina ve Otomasyon\" \/>\n<meta property=\"article:modified_time\" content=\"2023-09-23T16:08:13+00:00\" \/>\n<meta property=\"og:image\" content=\"https:\/\/mlkqlm4zzthi.i.optimole.com\/w:150\/h:150\/q:mauto\/rt:fill\/g:ce\/f:avif\/https:\/\/karakurtmuhendislik.com\/wp-content\/uploads\/2023\/09\/ACS150-1.jpg\" \/>\n<meta name=\"twitter:card\" content=\"summary_large_image\" \/>\n<meta name=\"twitter:label1\" content=\"Tahmini okuma s\u00fcresi\" \/>\n\t<meta name=\"twitter:data1\" content=\"3 dakika\" \/>\n<script type=\"application\/ld+json\" class=\"yoast-schema-graph\">{\"@context\":\"https:\/\/schema.org\",\"@graph\":[{\"@type\":\"WebPage\",\"@id\":\"https:\/\/karakurtmuhendislik.com\/?page_id=474\",\"url\":\"https:\/\/karakurtmuhendislik.com\/?page_id=474\",\"name\":\"ABB S\u00fcr\u00fcc\u00fcler - Karakurt M\u00fchendislik | Makina ve Otomasyon\",\"isPartOf\":{\"@id\":\"https:\/\/karakurtmuhendislik.com\/#website\"},\"datePublished\":\"2023-09-23T15:35:46+00:00\",\"dateModified\":\"2023-09-23T16:08:13+00:00\",\"breadcrumb\":{\"@id\":\"https:\/\/karakurtmuhendislik.com\/?page_id=474#breadcrumb\"},\"inLanguage\":\"tr\",\"potentialAction\":[{\"@type\":\"ReadAction\",\"target\":[\"https:\/\/karakurtmuhendislik.com\/?page_id=474\"]}]},{\"@type\":\"BreadcrumbList\",\"@id\":\"https:\/\/karakurtmuhendislik.com\/?page_id=474#breadcrumb\",\"itemListElement\":[{\"@type\":\"ListItem\",\"position\":1,\"name\":\"Anasayfa\",\"item\":\"https:\/\/karakurtmuhendislik.com\/\"},{\"@type\":\"ListItem\",\"position\":2,\"name\":\"ABB S\u00fcr\u00fcc\u00fcler\"}]},{\"@type\":\"WebSite\",\"@id\":\"https:\/\/karakurtmuhendislik.com\/#website\",\"url\":\"https:\/\/karakurtmuhendislik.com\/\",\"name\":\"Karakurt M\u00fchendislik | Makina ve Otomasyon\",\"description\":\"\",\"publisher\":{\"@id\":\"https:\/\/karakurtmuhendislik.com\/#organization\"},\"potentialAction\":[{\"@type\":\"SearchAction\",\"target\":{\"@type\":\"EntryPoint\",\"urlTemplate\":\"https:\/\/karakurtmuhendislik.com\/?s={search_term_string}\"},\"query-input\":\"required name=search_term_string\"}],\"inLanguage\":\"tr\"},{\"@type\":\"Organization\",\"@id\":\"https:\/\/karakurtmuhendislik.com\/#organization\",\"name\":\"Karakurt M\u00fchendislik | Makina ve Otomasyon\",\"url\":\"https:\/\/karakurtmuhendislik.com\/\",\"logo\":{\"@type\":\"ImageObject\",\"inLanguage\":\"tr\",\"@id\":\"https:\/\/karakurtmuhendislik.com\/#\/schema\/logo\/image\/\",\"url\":\"https:\/\/mlkqlm4zzthi.i.optimole.com\/w:auto\/h:auto\/q:mauto\/f:avif\/https:\/\/karakurtmuhendislik.com\/wp-content\/uploads\/2020\/12\/web-agency-logo-3.png\",\"contentUrl\":\"https:\/\/mlkqlm4zzthi.i.optimole.com\/w:auto\/h:auto\/q:mauto\/f:avif\/https:\/\/karakurtmuhendislik.com\/wp-content\/uploads\/2020\/12\/web-agency-logo-3.png\",\"width\":200,\"height\":200,\"caption\":\"Karakurt M\u00fchendislik | Makina ve Otomasyon\"},\"image\":{\"@id\":\"https:\/\/karakurtmuhendislik.com\/#\/schema\/logo\/image\/\"}}]}<\/script>\n<!-- \/ Yoast SEO plugin. -->","yoast_head_json":{"title":"ABB S\u00fcr\u00fcc\u00fcler - Karakurt M\u00fchendislik | Makina ve Otomasyon","robots":{"index":"index","follow":"follow","max-snippet":"max-snippet:-1","max-image-preview":"max-image-preview:large","max-video-preview":"max-video-preview:-1"},"canonical":"https:\/\/karakurtmuhendislik.com\/?page_id=474","og_locale":"tr_TR","og_type":"article","og_title":"ABB S\u00fcr\u00fcc\u00fcler - Karakurt M\u00fchendislik | Makina ve Otomasyon","og_description":"ABB S\u00fcr\u00fcc\u00fcler S\u00dcR\u00dcC\u00dc SE\u00c7\u0130M TABLOSU \u0130\u00c7\u0130N BURAYI TIKLAYIN ACS150 S\u00fcr\u00fcc\u00fc ABB\u02b9nin uyumlu s\u00fcr\u00fcc\u00fcler \u00fcyesi.kolay kurulum ve kullan\u0131m, s\u00fcr\u00fcc\u00fcye yerle\u015fik t\u00fcm temel \u00f6zellikler, basit ayarlar men\u00fcs\u00fc ve h\u0131zl\u0131 devreye alma i\u00e7in asistanlar KATALOG \u0130ND\u0130R ACS310 S\u00fcr\u00fcc\u00fc ABB standart s\u00fcr\u00fcc\u00fc ailesine eklenen ACS310, pompa ve fan gibi de\u011fi\u015fken torklu uygulamalar i\u00e7in \u00f6zel olarak tasarlanm\u0131\u015f bir s\u00fcr\u00fcc\u00fc ailesidir.&hellip;&nbsp;Daha fazlas\u0131n\u0131 oku &raquo;ABB S\u00fcr\u00fcc\u00fcler","og_url":"https:\/\/karakurtmuhendislik.com\/?page_id=474","og_site_name":"Karakurt M\u00fchendislik | Makina ve Otomasyon","article_modified_time":"2023-09-23T16:08:13+00:00","og_image":[{"url":"https:\/\/mlkqlm4zzthi.i.optimole.com\/w:150\/h:150\/q:mauto\/rt:fill\/g:ce\/f:avif\/https:\/\/karakurtmuhendislik.com\/wp-content\/uploads\/2023\/09\/ACS150-1.jpg"}],"twitter_card":"summary_large_image","twitter_misc":{"Tahmini okuma s\u00fcresi":"3 dakika"},"schema":{"@context":"https:\/\/schema.org","@graph":[{"@type":"WebPage","@id":"https:\/\/karakurtmuhendislik.com\/?page_id=474","url":"https:\/\/karakurtmuhendislik.com\/?page_id=474","name":"ABB S\u00fcr\u00fcc\u00fcler - Karakurt M\u00fchendislik | Makina ve Otomasyon","isPartOf":{"@id":"https:\/\/karakurtmuhendislik.com\/#website"},"datePublished":"2023-09-23T15:35:46+00:00","dateModified":"2023-09-23T16:08:13+00:00","breadcrumb":{"@id":"https:\/\/karakurtmuhendislik.com\/?page_id=474#breadcrumb"},"inLanguage":"tr","potentialAction":[{"@type":"ReadAction","target":["https:\/\/karakurtmuhendislik.com\/?page_id=474"]}]},{"@type":"BreadcrumbList","@id":"https:\/\/karakurtmuhendislik.com\/?page_id=474#breadcrumb","itemListElement":[{"@type":"ListItem","position":1,"name":"Anasayfa","item":"https:\/\/karakurtmuhendislik.com\/"},{"@type":"ListItem","position":2,"name":"ABB S\u00fcr\u00fcc\u00fcler"}]},{"@type":"WebSite","@id":"https:\/\/karakurtmuhendislik.com\/#website","url":"https:\/\/karakurtmuhendislik.com\/","name":"Karakurt M\u00fchendislik | Makina ve Otomasyon","description":"","publisher":{"@id":"https:\/\/karakurtmuhendislik.com\/#organization"},"potentialAction":[{"@type":"SearchAction","target":{"@type":"EntryPoint","urlTemplate":"https:\/\/karakurtmuhendislik.com\/?s={search_term_string}"},"query-input":"required name=search_term_string"}],"inLanguage":"tr"},{"@type":"Organization","@id":"https:\/\/karakurtmuhendislik.com\/#organization","name":"Karakurt M\u00fchendislik | Makina ve Otomasyon","url":"https:\/\/karakurtmuhendislik.com\/","logo":{"@type":"ImageObject","inLanguage":"tr","@id":"https:\/\/karakurtmuhendislik.com\/#\/schema\/logo\/image\/","url":"https:\/\/mlkqlm4zzthi.i.optimole.com\/w:auto\/h:auto\/q:mauto\/f:avif\/https:\/\/karakurtmuhendislik.com\/wp-content\/uploads\/2020\/12\/web-agency-logo-3.png","contentUrl":"https:\/\/mlkqlm4zzthi.i.optimole.com\/w:auto\/h:auto\/q:mauto\/f:avif\/https:\/\/karakurtmuhendislik.com\/wp-content\/uploads\/2020\/12\/web-agency-logo-3.png","width":200,"height":200,"caption":"Karakurt M\u00fchendislik | Makina ve Otomasyon"},"image":{"@id":"https:\/\/karakurtmuhendislik.com\/#\/schema\/logo\/image\/"}}]}},"_links":{"self":[{"href":"https:\/\/karakurtmuhendislik.com\/index.php?rest_route=\/wp\/v2\/pages\/474","targetHints":{"allow":["GET"]}}],"collection":[{"href":"https:\/\/karakurtmuhendislik.com\/index.php?rest_route=\/wp\/v2\/pages"}],"about":[{"href":"https:\/\/karakurtmuhendislik.com\/index.php?rest_route=\/wp\/v2\/types\/page"}],"author":[{"embeddable":true,"href":"https:\/\/karakurtmuhendislik.com\/index.php?rest_route=\/wp\/v2\/users\/1"}],"replies":[{"embeddable":true,"href":"https:\/\/karakurtmuhendislik.com\/index.php?rest_route=%2Fwp%2Fv2%2Fcomments&post=474"}],"version-history":[{"count":3,"href":"https:\/\/karakurtmuhendislik.com\/index.php?rest_route=\/wp\/v2\/pages\/474\/revisions"}],"predecessor-version":[{"id":501,"href":"https:\/\/karakurtmuhendislik.com\/index.php?rest_route=\/wp\/v2\/pages\/474\/revisions\/501"}],"wp:attachment":[{"href":"https:\/\/karakurtmuhendislik.com\/index.php?rest_route=%2Fwp%2Fv2%2Fmedia&parent=474"}],"curies":[{"name":"wp","href":"https:\/\/api.w.org\/{rel}","templated":true}]}}