{"id":447,"date":"2023-09-23T14:49:37","date_gmt":"2023-09-23T14:49:37","guid":{"rendered":"https:\/\/karakurtmuhendislik.com\/?page_id=447"},"modified":"2023-09-23T15:18:26","modified_gmt":"2023-09-23T15:18:26","slug":"yedek-parca","status":"publish","type":"page","link":"https:\/\/karakurtmuhendislik.com\/?page_id=447","title":{"rendered":"Yedek Par\u00e7a"},"content":{"rendered":"\n<h2 class=\"wp-block-heading\">Yedek Par\u00e7a<\/h2>\n\n\n\n<div class=\"wp-block-group is-nowrap is-layout-flex wp-container-core-group-is-layout-ad2f72ca wp-block-group-is-layout-flex\">\n<figure class=\"wp-block-image size-medium is-resized\"><img decoding=\"async\" src=\"https:\/\/mlkqlm4zzthi.i.optimole.com\/w:300\/h:300\/q:mauto\/f:avif\/https:\/\/karakurtmuhendislik.com\/wp-content\/uploads\/2023\/09\/abb-agdr71c-igbt.jpg\" alt=\"\" class=\"wp-image-452\" style=\"object-fit:cover;width:331px;height:221px\" width=\"331\" height=\"221\"\/><figcaption class=\"wp-element-caption\"><strong>Abb-agdr71c-igbt<\/strong><\/figcaption><\/figure>\n\n\n\n<figure class=\"wp-block-image size-medium is-resized\"><img decoding=\"async\" src=\"https:\/\/mlkqlm4zzthi.i.optimole.com\/w:300\/h:300\/q:mauto\/f:avif\/https:\/\/karakurtmuhendislik.com\/wp-content\/uploads\/2023\/09\/abb-fs450r12ke3-agdr-71c.jpg\" alt=\"\" class=\"wp-image-453\" style=\"width:219px;height:219px\" width=\"219\" height=\"219\"\/><figcaption class=\"wp-element-caption\"><strong>Abb-fs450r12ke3-agdr-71c<\/strong><\/figcaption><\/figure>\n\n\n\n<figure class=\"wp-block-image size-full is-resized\"><img decoding=\"async\" src=\"https:\/\/mlkqlm4zzthi.i.optimole.com\/w:auto\/h:auto\/q:mauto\/f:avif\/https:\/\/karakurtmuhendislik.com\/wp-content\/uploads\/2023\/09\/ainp-01.jpg\" alt=\"\" class=\"wp-image-454\" style=\"width:167px;height:222px\" width=\"167\" height=\"222\"\/><figcaption class=\"wp-element-caption\"><strong>Ainp-01<\/strong><\/figcaption><\/figure>\n\n\n\n<figure class=\"wp-block-image size-full is-resized\"><img data-opt-src=\"https:\/\/mlkqlm4zzthi.i.optimole.com\/w:auto\/h:auto\/q:mauto\/f:avif\/https:\/\/karakurtmuhendislik.com\/wp-content\/uploads\/2023\/09\/aint-02c.jpg\"  decoding=\"async\" src=\"https:\/\/mlkqlm4zzthi.i.optimole.com\/w:auto\/h:auto\/q:eco\/f:avif\/https:\/\/karakurtmuhendislik.com\/wp-content\/uploads\/2023\/09\/aint-02c.jpg\" alt=\"\" class=\"wp-image-455\" style=\"width:218px;height:218px\" width=\"218\" height=\"218\"\/><noscript><img decoding=\"async\" src=\"https:\/\/mlkqlm4zzthi.i.optimole.com\/w:auto\/h:auto\/q:mauto\/f:avif\/https:\/\/karakurtmuhendislik.com\/wp-content\/uploads\/2023\/09\/aint-02c.jpg\" alt=\"\" class=\"wp-image-455\" style=\"width:218px;height:218px\" width=\"218\" height=\"218\"\/></noscript><figcaption class=\"wp-element-caption\"><strong>Aint-02c<\/strong><\/figcaption><\/figure>\n\n\n\n<figure class=\"wp-block-image size-full is-resized\"><img data-opt-src=\"https:\/\/mlkqlm4zzthi.i.optimole.com\/w:auto\/h:auto\/q:mauto\/f:avif\/https:\/\/karakurtmuhendislik.com\/wp-content\/uploads\/2023\/09\/apow-01.jpg\"  decoding=\"async\" src=\"https:\/\/mlkqlm4zzthi.i.optimole.com\/w:auto\/h:auto\/q:eco\/f:avif\/https:\/\/karakurtmuhendislik.com\/wp-content\/uploads\/2023\/09\/apow-01.jpg\" alt=\"\" class=\"wp-image-456\" style=\"width:322px;height:207px\" width=\"322\" height=\"207\"\/><noscript><img decoding=\"async\" src=\"https:\/\/mlkqlm4zzthi.i.optimole.com\/w:auto\/h:auto\/q:mauto\/f:avif\/https:\/\/karakurtmuhendislik.com\/wp-content\/uploads\/2023\/09\/apow-01.jpg\" alt=\"\" class=\"wp-image-456\" style=\"width:322px;height:207px\" width=\"322\" height=\"207\"\/></noscript><figcaption class=\"wp-element-caption\"><strong>Apow-01<\/strong><\/figcaption><\/figure>\n<\/div>\n\n\n\n<div class=\"wp-block-group is-nowrap is-layout-flex wp-container-core-group-is-layout-ad2f72ca wp-block-group-is-layout-flex\">\n<figure class=\"wp-block-image size-medium is-resized\"><img data-opt-src=\"https:\/\/mlkqlm4zzthi.i.optimole.com\/w:270\/h:300\/q:mauto\/f:avif\/https:\/\/karakurtmuhendislik.com\/wp-content\/uploads\/2023\/09\/dcs400-pan-a.jpg\"  decoding=\"async\" src=\"https:\/\/mlkqlm4zzthi.i.optimole.com\/w:270\/h:300\/q:eco\/f:avif\/https:\/\/karakurtmuhendislik.com\/wp-content\/uploads\/2023\/09\/dcs400-pan-a.jpg\" alt=\"\" class=\"wp-image-457\" style=\"width:325px;height:361px\" width=\"325\" height=\"361\"\/><noscript><img decoding=\"async\" src=\"https:\/\/mlkqlm4zzthi.i.optimole.com\/w:270\/h:300\/q:mauto\/f:avif\/https:\/\/karakurtmuhendislik.com\/wp-content\/uploads\/2023\/09\/dcs400-pan-a.jpg\" alt=\"\" class=\"wp-image-457\" style=\"width:325px;height:361px\" width=\"325\" height=\"361\"\/></noscript><figcaption class=\"wp-element-caption\"><strong>Dcs400-pan-a<\/strong><\/figcaption><\/figure>\n\n\n\n<figure class=\"wp-block-image size-medium is-resized\"><img data-opt-src=\"https:\/\/mlkqlm4zzthi.i.optimole.com\/w:225\/h:300\/q:mauto\/f:avif\/https:\/\/karakurtmuhendislik.com\/wp-content\/uploads\/2023\/09\/fana-11-edited-1.jpg\"  decoding=\"async\" src=\"https:\/\/mlkqlm4zzthi.i.optimole.com\/w:225\/h:300\/q:eco\/f:avif\/https:\/\/karakurtmuhendislik.com\/wp-content\/uploads\/2023\/09\/fana-11-edited-1.jpg\" alt=\"\" class=\"wp-image-460\" style=\"width:261px;height:347px\" width=\"261\" height=\"347\"\/><noscript><img decoding=\"async\" src=\"https:\/\/mlkqlm4zzthi.i.optimole.com\/w:225\/h:300\/q:mauto\/f:avif\/https:\/\/karakurtmuhendislik.com\/wp-content\/uploads\/2023\/09\/fana-11-edited-1.jpg\" alt=\"\" class=\"wp-image-460\" style=\"width:261px;height:347px\" width=\"261\" height=\"347\"\/></noscript><figcaption class=\"wp-element-caption\"><strong>Fana-11<\/strong><\/figcaption><\/figure>\n\n\n\n<figure class=\"wp-block-image size-large is-resized\"><img data-opt-src=\"https:\/\/mlkqlm4zzthi.i.optimole.com\/w:1024\/h:891\/q:mauto\/f:avif\/https:\/\/karakurtmuhendislik.com\/wp-content\/uploads\/2023\/09\/fs450r12ke3.jpg\"  decoding=\"async\" src=\"https:\/\/mlkqlm4zzthi.i.optimole.com\/w:1024\/h:891\/q:eco\/f:avif\/https:\/\/karakurtmuhendislik.com\/wp-content\/uploads\/2023\/09\/fs450r12ke3.jpg\" alt=\"\" class=\"wp-image-461\" style=\"width:378px;height:329px\" width=\"378\" height=\"329\"\/><noscript><img decoding=\"async\" src=\"https:\/\/mlkqlm4zzthi.i.optimole.com\/w:1024\/h:891\/q:mauto\/f:avif\/https:\/\/karakurtmuhendislik.com\/wp-content\/uploads\/2023\/09\/fs450r12ke3.jpg\" alt=\"\" class=\"wp-image-461\" style=\"width:378px;height:329px\" width=\"378\" height=\"329\"\/></noscript><figcaption class=\"wp-element-caption\"><strong>Fs450r12ke3<\/strong><\/figcaption><\/figure>\n\n\n\n<figure class=\"wp-block-image size-full is-resized\"><img data-opt-src=\"https:\/\/mlkqlm4zzthi.i.optimole.com\/w:auto\/h:auto\/q:mauto\/f:avif\/https:\/\/karakurtmuhendislik.com\/wp-content\/uploads\/2023\/09\/rdcu-02.jpg\"  decoding=\"async\" src=\"https:\/\/mlkqlm4zzthi.i.optimole.com\/w:auto\/h:auto\/q:eco\/f:avif\/https:\/\/karakurtmuhendislik.com\/wp-content\/uploads\/2023\/09\/rdcu-02.jpg\" alt=\"\" class=\"wp-image-463\" style=\"width:258px;height:307px\" width=\"258\" height=\"307\"\/><noscript><img decoding=\"async\" src=\"https:\/\/mlkqlm4zzthi.i.optimole.com\/w:auto\/h:auto\/q:mauto\/f:avif\/https:\/\/karakurtmuhendislik.com\/wp-content\/uploads\/2023\/09\/rdcu-02.jpg\" alt=\"\" class=\"wp-image-463\" style=\"width:258px;height:307px\" width=\"258\" height=\"307\"\/></noscript><figcaption class=\"wp-element-caption\"><strong>Rdcu-02<\/strong><\/figcaption><\/figure>\n<\/div>\n\n\n\n<div class=\"wp-block-group is-nowrap is-layout-flex wp-container-core-group-is-layout-ad2f72ca wp-block-group-is-layout-flex\">\n<figure class=\"wp-block-image size-large is-resized\"><img data-opt-src=\"https:\/\/mlkqlm4zzthi.i.optimole.com\/w:1024\/h:768\/q:mauto\/f:avif\/https:\/\/karakurtmuhendislik.com\/wp-content\/uploads\/2023\/09\/rint5514c.jpg\"  decoding=\"async\" src=\"https:\/\/mlkqlm4zzthi.i.optimole.com\/w:1024\/h:768\/q:eco\/f:avif\/https:\/\/karakurtmuhendislik.com\/wp-content\/uploads\/2023\/09\/rint5514c.jpg\" alt=\"\" class=\"wp-image-464\" style=\"width:325px;height:361px\" width=\"325\" height=\"361\"\/><noscript><img decoding=\"async\" src=\"https:\/\/mlkqlm4zzthi.i.optimole.com\/w:1024\/h:768\/q:mauto\/f:avif\/https:\/\/karakurtmuhendislik.com\/wp-content\/uploads\/2023\/09\/rint5514c.jpg\" alt=\"\" class=\"wp-image-464\" style=\"width:325px;height:361px\" width=\"325\" height=\"361\"\/></noscript><figcaption class=\"wp-element-caption\"><strong>Rint5514c<\/strong><\/figcaption><\/figure>\n\n\n\n<figure class=\"wp-block-image size-large is-resized\"><img data-opt-src=\"https:\/\/mlkqlm4zzthi.i.optimole.com\/w:1024\/h:768\/q:mauto\/f:avif\/https:\/\/karakurtmuhendislik.com\/wp-content\/uploads\/2023\/09\/rint-5611.jpg\"  decoding=\"async\" src=\"https:\/\/mlkqlm4zzthi.i.optimole.com\/w:1024\/h:768\/q:eco\/f:avif\/https:\/\/karakurtmuhendislik.com\/wp-content\/uploads\/2023\/09\/rint-5611.jpg\" alt=\"\" class=\"wp-image-465\" style=\"width:261px;height:347px\" width=\"261\" height=\"347\"\/><noscript><img decoding=\"async\" src=\"https:\/\/mlkqlm4zzthi.i.optimole.com\/w:1024\/h:768\/q:mauto\/f:avif\/https:\/\/karakurtmuhendislik.com\/wp-content\/uploads\/2023\/09\/rint-5611.jpg\" alt=\"\" class=\"wp-image-465\" style=\"width:261px;height:347px\" width=\"261\" height=\"347\"\/></noscript><figcaption class=\"wp-element-caption\"><strong>Rint-5611<\/strong><\/figcaption><\/figure>\n\n\n\n<figure class=\"wp-block-image size-large is-resized\"><img data-opt-src=\"https:\/\/mlkqlm4zzthi.i.optimole.com\/w:1024\/h:614\/q:mauto\/f:avif\/https:\/\/karakurtmuhendislik.com\/wp-content\/uploads\/2023\/09\/rmio-01c.jpg\"  decoding=\"async\" src=\"https:\/\/mlkqlm4zzthi.i.optimole.com\/w:1024\/h:614\/q:eco\/f:avif\/https:\/\/karakurtmuhendislik.com\/wp-content\/uploads\/2023\/09\/rmio-01c.jpg\" alt=\"\" class=\"wp-image-466\" style=\"width:378px;height:329px\" width=\"378\" height=\"329\"\/><noscript><img decoding=\"async\" src=\"https:\/\/mlkqlm4zzthi.i.optimole.com\/w:1024\/h:614\/q:mauto\/f:avif\/https:\/\/karakurtmuhendislik.com\/wp-content\/uploads\/2023\/09\/rmio-01c.jpg\" alt=\"\" class=\"wp-image-466\" style=\"width:378px;height:329px\" width=\"378\" height=\"329\"\/></noscript><figcaption class=\"wp-element-caption\"><strong>Rmio-01c<\/strong><\/figcaption><\/figure>\n\n\n\n<figure class=\"wp-block-image size-full is-resized\"><img data-opt-src=\"https:\/\/mlkqlm4zzthi.i.optimole.com\/w:auto\/h:auto\/q:mauto\/f:avif\/https:\/\/karakurtmuhendislik.com\/wp-content\/uploads\/2023\/09\/rpba-01.jpg\"  decoding=\"async\" src=\"https:\/\/mlkqlm4zzthi.i.optimole.com\/w:auto\/h:auto\/q:eco\/f:avif\/https:\/\/karakurtmuhendislik.com\/wp-content\/uploads\/2023\/09\/rpba-01.jpg\" alt=\"\" class=\"wp-image-467\" style=\"width:267px;height:318px\" width=\"267\" height=\"318\"\/><noscript><img decoding=\"async\" src=\"https:\/\/mlkqlm4zzthi.i.optimole.com\/w:auto\/h:auto\/q:mauto\/f:avif\/https:\/\/karakurtmuhendislik.com\/wp-content\/uploads\/2023\/09\/rpba-01.jpg\" alt=\"\" class=\"wp-image-467\" style=\"width:267px;height:318px\" width=\"267\" height=\"318\"\/></noscript><figcaption class=\"wp-element-caption\"><strong>Rpba-01<\/strong><\/figcaption><\/figure>\n<\/div>\n\n\n\n<div class=\"wp-block-group is-nowrap is-layout-flex wp-container-core-group-is-layout-ad2f72ca wp-block-group-is-layout-flex\">\n<figure class=\"wp-block-image size-full is-resized\"><img data-opt-src=\"https:\/\/mlkqlm4zzthi.i.optimole.com\/w:auto\/h:auto\/q:mauto\/f:avif\/https:\/\/karakurtmuhendislik.com\/wp-content\/uploads\/2023\/09\/sdcs-con-3.webp\"  decoding=\"async\" src=\"https:\/\/mlkqlm4zzthi.i.optimole.com\/w:auto\/h:auto\/q:eco\/f:avif\/https:\/\/karakurtmuhendislik.com\/wp-content\/uploads\/2023\/09\/sdcs-con-3.webp\" alt=\"\" class=\"wp-image-468\" style=\"width:325px;height:361px\" width=\"325\" height=\"361\"\/><noscript><img decoding=\"async\" src=\"https:\/\/mlkqlm4zzthi.i.optimole.com\/w:auto\/h:auto\/q:mauto\/f:avif\/https:\/\/karakurtmuhendislik.com\/wp-content\/uploads\/2023\/09\/sdcs-con-3.webp\" alt=\"\" class=\"wp-image-468\" style=\"width:325px;height:361px\" width=\"325\" height=\"361\"\/></noscript><figcaption class=\"wp-element-caption\"><strong>Sdcs-con-3<\/strong><\/figcaption><\/figure>\n\n\n\n<figure class=\"wp-block-image size-full is-resized\"><img data-opt-src=\"https:\/\/mlkqlm4zzthi.i.optimole.com\/w:auto\/h:auto\/q:mauto\/f:avif\/https:\/\/karakurtmuhendislik.com\/wp-content\/uploads\/2023\/09\/sdcs-fis-31.jpg\"  decoding=\"async\" src=\"https:\/\/mlkqlm4zzthi.i.optimole.com\/w:auto\/h:auto\/q:eco\/f:avif\/https:\/\/karakurtmuhendislik.com\/wp-content\/uploads\/2023\/09\/sdcs-fis-31.jpg\" alt=\"\" class=\"wp-image-469\" style=\"width:261px;height:347px\" width=\"261\" height=\"347\"\/><noscript><img decoding=\"async\" src=\"https:\/\/mlkqlm4zzthi.i.optimole.com\/w:auto\/h:auto\/q:mauto\/f:avif\/https:\/\/karakurtmuhendislik.com\/wp-content\/uploads\/2023\/09\/sdcs-fis-31.jpg\" alt=\"\" class=\"wp-image-469\" style=\"width:261px;height:347px\" width=\"261\" height=\"347\"\/></noscript><figcaption class=\"wp-element-caption\"><strong>Sdcs-fis-31<\/strong><\/figcaption><\/figure>\n\n\n\n<figure class=\"wp-block-image size-full is-resized\"><img data-opt-src=\"https:\/\/mlkqlm4zzthi.i.optimole.com\/w:auto\/h:auto\/q:mauto\/f:avif\/https:\/\/karakurtmuhendislik.com\/wp-content\/uploads\/2023\/09\/sdcs-pin-3a.jpg\"  decoding=\"async\" src=\"https:\/\/mlkqlm4zzthi.i.optimole.com\/w:auto\/h:auto\/q:eco\/f:avif\/https:\/\/karakurtmuhendislik.com\/wp-content\/uploads\/2023\/09\/sdcs-pin-3a.jpg\" alt=\"\" class=\"wp-image-470\" style=\"width:378px;height:329px\" width=\"378\" height=\"329\"\/><noscript><img decoding=\"async\" src=\"https:\/\/mlkqlm4zzthi.i.optimole.com\/w:auto\/h:auto\/q:mauto\/f:avif\/https:\/\/karakurtmuhendislik.com\/wp-content\/uploads\/2023\/09\/sdcs-pin-3a.jpg\" alt=\"\" class=\"wp-image-470\" style=\"width:378px;height:329px\" width=\"378\" height=\"329\"\/></noscript><figcaption class=\"wp-element-caption\"><strong>Sdcs-pin-3a<\/strong><\/figcaption><\/figure>\n\n\n\n<figure class=\"wp-block-image size-full is-resized\"><img data-opt-src=\"https:\/\/mlkqlm4zzthi.i.optimole.com\/w:auto\/h:auto\/q:mauto\/f:avif\/https:\/\/karakurtmuhendislik.com\/wp-content\/uploads\/2023\/09\/smio-01.jpg\"  decoding=\"async\" src=\"https:\/\/mlkqlm4zzthi.i.optimole.com\/w:auto\/h:auto\/q:eco\/f:avif\/https:\/\/karakurtmuhendislik.com\/wp-content\/uploads\/2023\/09\/smio-01.jpg\" alt=\"\" class=\"wp-image-471\" style=\"width:267px;height:318px\" width=\"267\" height=\"318\"\/><noscript><img decoding=\"async\" src=\"https:\/\/mlkqlm4zzthi.i.optimole.com\/w:auto\/h:auto\/q:mauto\/f:avif\/https:\/\/karakurtmuhendislik.com\/wp-content\/uploads\/2023\/09\/smio-01.jpg\" alt=\"\" class=\"wp-image-471\" style=\"width:267px;height:318px\" width=\"267\" height=\"318\"\/></noscript><figcaption class=\"wp-element-caption\"><strong>Smio-01<\/strong><\/figcaption><\/figure>\n<\/div>\n\n\n\n<div class=\"wp-block-cover alignfull\" style=\"min-height:300px;aspect-ratio:unset;\"><span aria-hidden=\"true\" class=\"wp-block-cover__background has-nv-dark-bg-background-color has-background-dim-100 has-background-dim\"><\/span><div class=\"wp-block-cover__inner-container is-layout-flow wp-block-cover-is-layout-flow\">\n<div style=\"height:140px\" aria-hidden=\"true\" class=\"wp-block-spacer\"><\/div>\n\n\n\n<h2 class=\"wp-block-heading has-text-align-center has-nv-text-dark-bg-color has-text-color\">\u00dcr\u00fcnlerimiz Hakk\u0131nda <\/h2>\n\n\n\n<h2 class=\"wp-block-heading has-text-align-center has-nv-text-dark-bg-color has-text-color\">Daha Fazla Bilgi Almak \u0130stermisiniz ?<\/h2>\n\n\n\n<div class=\"wp-block-buttons is-horizontal is-content-justification-center is-layout-flex wp-container-core-buttons-is-layout-499968f5 wp-block-buttons-is-layout-flex\">\n<div class=\"wp-block-button is-style-primary\"><a class=\"wp-block-button__link wp-element-button\" href=\"https:\/\/karakurtmuhendislik.com\/iletisim\">\u0130LET\u0130\u015e\u0130M<\/a><\/div>\n<\/div>\n\n\n\n<div style=\"height:140px\" aria-hidden=\"true\" class=\"wp-block-spacer\"><\/div>\n<\/div><\/div>\n","protected":false},"excerpt":{"rendered":"<p>Yedek Par\u00e7a<\/p>\n","protected":false},"author":1,"featured_media":0,"parent":0,"menu_order":0,"comment_status":"closed","ping_status":"closed","template":"","meta":{"neve_meta_sidebar":"default","neve_meta_container":"","neve_meta_enable_content_width":"on","neve_meta_content_width":100,"neve_meta_title_alignment":"","neve_meta_author_avatar":"","neve_post_elements_order":"","neve_meta_disable_header":"","neve_meta_disable_footer":"","neve_meta_disable_title":"on","_themeisle_gutenberg_block_has_review":false,"_ti_tpc_template_sync":false,"_ti_tpc_template_id":"bhii09ux20eago4lvw13","footnotes":""},"class_list":["post-447","page","type-page","status-publish","hentry"],"yoast_head":"<!-- This site is optimized with the Yoast SEO plugin v20.1 - https:\/\/yoast.com\/wordpress\/plugins\/seo\/ -->\n<title>Yedek Par\u00e7a - Karakurt M\u00fchendislik | Makina ve Otomasyon<\/title>\n<meta name=\"robots\" content=\"index, follow, max-snippet:-1, max-image-preview:large, max-video-preview:-1\" \/>\n<link rel=\"canonical\" href=\"https:\/\/karakurtmuhendislik.com\/?page_id=447\" \/>\n<meta property=\"og:locale\" content=\"tr_TR\" \/>\n<meta property=\"og:type\" content=\"article\" \/>\n<meta property=\"og:title\" content=\"Yedek Par\u00e7a - Karakurt M\u00fchendislik | Makina ve Otomasyon\" \/>\n<meta property=\"og:description\" content=\"Yedek Par\u00e7a\" \/>\n<meta property=\"og:url\" content=\"https:\/\/karakurtmuhendislik.com\/?page_id=447\" \/>\n<meta property=\"og:site_name\" content=\"Karakurt M\u00fchendislik | Makina ve Otomasyon\" \/>\n<meta property=\"article:modified_time\" content=\"2023-09-23T15:18:26+00:00\" \/>\n<meta property=\"og:image\" content=\"https:\/\/mlkqlm4zzthi.i.optimole.com\/w:300\/h:300\/q:mauto\/f:avif\/https:\/\/karakurtmuhendislik.com\/wp-content\/uploads\/2023\/09\/abb-agdr71c-igbt.jpg\" \/>\n<meta name=\"twitter:card\" content=\"summary_large_image\" \/>\n<meta name=\"twitter:label1\" content=\"Tahmini okuma s\u00fcresi\" \/>\n\t<meta name=\"twitter:data1\" content=\"4 dakika\" \/>\n<script type=\"application\/ld+json\" class=\"yoast-schema-graph\">{\"@context\":\"https:\/\/schema.org\",\"@graph\":[{\"@type\":\"WebPage\",\"@id\":\"https:\/\/karakurtmuhendislik.com\/?page_id=447\",\"url\":\"https:\/\/karakurtmuhendislik.com\/?page_id=447\",\"name\":\"Yedek Par\u00e7a - Karakurt M\u00fchendislik | Makina ve Otomasyon\",\"isPartOf\":{\"@id\":\"https:\/\/karakurtmuhendislik.com\/#website\"},\"datePublished\":\"2023-09-23T14:49:37+00:00\",\"dateModified\":\"2023-09-23T15:18:26+00:00\",\"breadcrumb\":{\"@id\":\"https:\/\/karakurtmuhendislik.com\/?page_id=447#breadcrumb\"},\"inLanguage\":\"tr\",\"potentialAction\":[{\"@type\":\"ReadAction\",\"target\":[\"https:\/\/karakurtmuhendislik.com\/?page_id=447\"]}]},{\"@type\":\"BreadcrumbList\",\"@id\":\"https:\/\/karakurtmuhendislik.com\/?page_id=447#breadcrumb\",\"itemListElement\":[{\"@type\":\"ListItem\",\"position\":1,\"name\":\"Anasayfa\",\"item\":\"https:\/\/karakurtmuhendislik.com\/\"},{\"@type\":\"ListItem\",\"position\":2,\"name\":\"Yedek Par\u00e7a\"}]},{\"@type\":\"WebSite\",\"@id\":\"https:\/\/karakurtmuhendislik.com\/#website\",\"url\":\"https:\/\/karakurtmuhendislik.com\/\",\"name\":\"Karakurt M\u00fchendislik | Makina ve Otomasyon\",\"description\":\"\",\"publisher\":{\"@id\":\"https:\/\/karakurtmuhendislik.com\/#organization\"},\"potentialAction\":[{\"@type\":\"SearchAction\",\"target\":{\"@type\":\"EntryPoint\",\"urlTemplate\":\"https:\/\/karakurtmuhendislik.com\/?s={search_term_string}\"},\"query-input\":\"required name=search_term_string\"}],\"inLanguage\":\"tr\"},{\"@type\":\"Organization\",\"@id\":\"https:\/\/karakurtmuhendislik.com\/#organization\",\"name\":\"Karakurt M\u00fchendislik | Makina ve Otomasyon\",\"url\":\"https:\/\/karakurtmuhendislik.com\/\",\"logo\":{\"@type\":\"ImageObject\",\"inLanguage\":\"tr\",\"@id\":\"https:\/\/karakurtmuhendislik.com\/#\/schema\/logo\/image\/\",\"url\":\"https:\/\/mlkqlm4zzthi.i.optimole.com\/w:auto\/h:auto\/q:mauto\/f:avif\/https:\/\/karakurtmuhendislik.com\/wp-content\/uploads\/2020\/12\/web-agency-logo-3.png\",\"contentUrl\":\"https:\/\/mlkqlm4zzthi.i.optimole.com\/w:auto\/h:auto\/q:mauto\/f:avif\/https:\/\/karakurtmuhendislik.com\/wp-content\/uploads\/2020\/12\/web-agency-logo-3.png\",\"width\":200,\"height\":200,\"caption\":\"Karakurt M\u00fchendislik | Makina ve Otomasyon\"},\"image\":{\"@id\":\"https:\/\/karakurtmuhendislik.com\/#\/schema\/logo\/image\/\"}}]}<\/script>\n<!-- \/ Yoast SEO plugin. -->","yoast_head_json":{"title":"Yedek Par\u00e7a - Karakurt M\u00fchendislik | Makina ve Otomasyon","robots":{"index":"index","follow":"follow","max-snippet":"max-snippet:-1","max-image-preview":"max-image-preview:large","max-video-preview":"max-video-preview:-1"},"canonical":"https:\/\/karakurtmuhendislik.com\/?page_id=447","og_locale":"tr_TR","og_type":"article","og_title":"Yedek Par\u00e7a - Karakurt M\u00fchendislik | Makina ve Otomasyon","og_description":"Yedek Par\u00e7a","og_url":"https:\/\/karakurtmuhendislik.com\/?page_id=447","og_site_name":"Karakurt M\u00fchendislik | Makina ve Otomasyon","article_modified_time":"2023-09-23T15:18:26+00:00","og_image":[{"url":"https:\/\/mlkqlm4zzthi.i.optimole.com\/w:300\/h:300\/q:mauto\/f:avif\/https:\/\/karakurtmuhendislik.com\/wp-content\/uploads\/2023\/09\/abb-agdr71c-igbt.jpg"}],"twitter_card":"summary_large_image","twitter_misc":{"Tahmini okuma s\u00fcresi":"4 dakika"},"schema":{"@context":"https:\/\/schema.org","@graph":[{"@type":"WebPage","@id":"https:\/\/karakurtmuhendislik.com\/?page_id=447","url":"https:\/\/karakurtmuhendislik.com\/?page_id=447","name":"Yedek Par\u00e7a - Karakurt M\u00fchendislik | Makina ve Otomasyon","isPartOf":{"@id":"https:\/\/karakurtmuhendislik.com\/#website"},"datePublished":"2023-09-23T14:49:37+00:00","dateModified":"2023-09-23T15:18:26+00:00","breadcrumb":{"@id":"https:\/\/karakurtmuhendislik.com\/?page_id=447#breadcrumb"},"inLanguage":"tr","potentialAction":[{"@type":"ReadAction","target":["https:\/\/karakurtmuhendislik.com\/?page_id=447"]}]},{"@type":"BreadcrumbList","@id":"https:\/\/karakurtmuhendislik.com\/?page_id=447#breadcrumb","itemListElement":[{"@type":"ListItem","position":1,"name":"Anasayfa","item":"https:\/\/karakurtmuhendislik.com\/"},{"@type":"ListItem","position":2,"name":"Yedek Par\u00e7a"}]},{"@type":"WebSite","@id":"https:\/\/karakurtmuhendislik.com\/#website","url":"https:\/\/karakurtmuhendislik.com\/","name":"Karakurt M\u00fchendislik | Makina ve Otomasyon","description":"","publisher":{"@id":"https:\/\/karakurtmuhendislik.com\/#organization"},"potentialAction":[{"@type":"SearchAction","target":{"@type":"EntryPoint","urlTemplate":"https:\/\/karakurtmuhendislik.com\/?s={search_term_string}"},"query-input":"required name=search_term_string"}],"inLanguage":"tr"},{"@type":"Organization","@id":"https:\/\/karakurtmuhendislik.com\/#organization","name":"Karakurt M\u00fchendislik | Makina ve Otomasyon","url":"https:\/\/karakurtmuhendislik.com\/","logo":{"@type":"ImageObject","inLanguage":"tr","@id":"https:\/\/karakurtmuhendislik.com\/#\/schema\/logo\/image\/","url":"https:\/\/mlkqlm4zzthi.i.optimole.com\/w:auto\/h:auto\/q:mauto\/f:avif\/https:\/\/karakurtmuhendislik.com\/wp-content\/uploads\/2020\/12\/web-agency-logo-3.png","contentUrl":"https:\/\/mlkqlm4zzthi.i.optimole.com\/w:auto\/h:auto\/q:mauto\/f:avif\/https:\/\/karakurtmuhendislik.com\/wp-content\/uploads\/2020\/12\/web-agency-logo-3.png","width":200,"height":200,"caption":"Karakurt M\u00fchendislik | Makina ve Otomasyon"},"image":{"@id":"https:\/\/karakurtmuhendislik.com\/#\/schema\/logo\/image\/"}}]}},"_links":{"self":[{"href":"https:\/\/karakurtmuhendislik.com\/index.php?rest_route=\/wp\/v2\/pages\/447","targetHints":{"allow":["GET"]}}],"collection":[{"href":"https:\/\/karakurtmuhendislik.com\/index.php?rest_route=\/wp\/v2\/pages"}],"about":[{"href":"https:\/\/karakurtmuhendislik.com\/index.php?rest_route=\/wp\/v2\/types\/page"}],"author":[{"embeddable":true,"href":"https:\/\/karakurtmuhendislik.com\/index.php?rest_route=\/wp\/v2\/users\/1"}],"replies":[{"embeddable":true,"href":"https:\/\/karakurtmuhendislik.com\/index.php?rest_route=%2Fwp%2Fv2%2Fcomments&post=447"}],"version-history":[{"count":3,"href":"https:\/\/karakurtmuhendislik.com\/index.php?rest_route=\/wp\/v2\/pages\/447\/revisions"}],"predecessor-version":[{"id":473,"href":"https:\/\/karakurtmuhendislik.com\/index.php?rest_route=\/wp\/v2\/pages\/447\/revisions\/473"}],"wp:attachment":[{"href":"https:\/\/karakurtmuhendislik.com\/index.php?rest_route=%2Fwp%2Fv2%2Fmedia&parent=447"}],"curies":[{"name":"wp","href":"https:\/\/api.w.org\/{rel}","templated":true}]}}